{"id":10,"date":"2018-09-06T21:19:55","date_gmt":"2018-09-06T19:19:55","guid":{"rendered":"http:\/\/www.lescristallines15.ovh\/?page_id=10"},"modified":"2026-03-26T19:10:01","modified_gmt":"2026-03-26T18:10:01","slug":"appartement-4-places-a-louer-station-du-lioran-pratique-du-ski-alpinfond-vtt-descente-station-familiale-pour-vos-vacances-dans-le-cantal-neige-montagne","status":"publish","type":"page","link":"https:\/\/www.lescristallines15.ovh\/index.php\/appartement-4-places-a-louer-station-du-lioran-pratique-du-ski-alpinfond-vtt-descente-station-familiale-pour-vos-vacances-dans-le-cantal-neige-montagne\/","title":{"rendered":"Contact et Tarifs"},"content":{"rendered":"<h3 style=\"text-align: center;\"><strong>Tarifs<\/strong><\/h3>\n<p><img loading=\"lazy\" decoding=\"async\" class=\"size-full wp-image-693 aligncenter\" src=\"http:\/\/www.lescristallines15.ovh\/wp-content\/uploads\/2026\/03\/tarifs-maquette-2024-25-copie.gif\" alt=\"\" width=\"615\" height=\"78\"><\/p>\n<p>Horaires semaine compl\u00e8te (Haute Saison) : arriv\u00e9e Samedi 15h &#8211; D\u00e9part Samedi 10h<\/p>\n<p>Ch\u00e8ques vacances accept\u00e9s<\/p>\n<p>Nos amis les animaux ne sont pas accept\u00e9s<\/p>\n<p>&nbsp;<\/p>\n<p>Nelly et Olivier ARNOLD<br \/>\napp.lescristallines@gmail.com<\/p>\n","protected":false},"excerpt":{"rendered":"<p>Tarifs Horaires semaine compl\u00e8te (Haute Saison) : arriv\u00e9e Samedi 15h &#8211; D\u00e9part Samedi 10h Ch\u00e8ques vacances accept\u00e9s Nos amis les animaux ne sont pas accept\u00e9s &nbsp; Nelly et Olivier ARNOLD app.lescristallines@gmail.com<\/p>\n","protected":false},"author":1,"featured_media":0,"parent":0,"menu_order":0,"comment_status":"closed","ping_status":"closed","template":"","meta":{"ngg_post_thumbnail":0,"footnotes":""},"class_list":["post-10","page","type-page","status-publish","hentry"],"yoast_head":"<!-- This site is optimized with the Yoast SEO plugin v24.4 - https:\/\/yoast.com\/wordpress\/plugins\/seo\/ -->\n<title>Contact et Tarifs - Les Cristallines %<\/title>\n<meta name=\"description\" content=\"Appartement 4 places \u00e0 louer station du Lioran pratique du ski alpin,fond vtt descente.Station familiale pour vos vacances dans le cantal, neige, montagne\" \/>\n<meta name=\"robots\" content=\"index, follow, max-snippet:-1, max-image-preview:large, max-video-preview:-1\" \/>\n<link rel=\"canonical\" href=\"http:\/\/www.lescristallines15.ovh\/index.php\/appartement-4-places-a-louer-station-du-lioran-pratique-du-ski-alpinfond-vtt-descente-station-familiale-pour-vos-vacances-dans-le-cantal-neige-montagne\/\" \/>\n<meta property=\"og:locale\" content=\"fr_FR\" \/>\n<meta property=\"og:type\" content=\"article\" \/>\n<meta property=\"og:title\" content=\"Contact et Tarifs - Les Cristallines %\" \/>\n<meta property=\"og:description\" content=\"Appartement 4 places \u00e0 louer station du Lioran pratique du ski alpin,fond vtt descente.Station familiale pour vos vacances dans le cantal, neige, montagne\" \/>\n<meta property=\"og:url\" content=\"http:\/\/www.lescristallines15.ovh\/index.php\/appartement-4-places-a-louer-station-du-lioran-pratique-du-ski-alpinfond-vtt-descente-station-familiale-pour-vos-vacances-dans-le-cantal-neige-montagne\/\" \/>\n<meta property=\"og:site_name\" content=\"Les Cristallines\" \/>\n<meta property=\"article:modified_time\" content=\"2026-03-26T18:10:01+00:00\" \/>\n<meta property=\"og:image\" content=\"http:\/\/www.lescristallines15.ovh\/wp-content\/uploads\/2026\/03\/tarifs-maquette-2024-25-copie.gif\" \/>\n<meta name=\"twitter:card\" content=\"summary_large_image\" \/>\n<meta name=\"twitter:label1\" content=\"Dur\u00e9e de lecture estim\u00e9e\" \/>\n\t<meta name=\"twitter:data1\" content=\"1 minute\" \/>\n<script type=\"application\/ld+json\" class=\"yoast-schema-graph\">{\"@context\":\"https:\/\/schema.org\",\"@graph\":[{\"@type\":\"WebPage\",\"@id\":\"http:\/\/www.lescristallines15.ovh\/index.php\/appartement-4-places-a-louer-station-du-lioran-pratique-du-ski-alpinfond-vtt-descente-station-familiale-pour-vos-vacances-dans-le-cantal-neige-montagne\/\",\"url\":\"http:\/\/www.lescristallines15.ovh\/index.php\/appartement-4-places-a-louer-station-du-lioran-pratique-du-ski-alpinfond-vtt-descente-station-familiale-pour-vos-vacances-dans-le-cantal-neige-montagne\/\",\"name\":\"Contact et Tarifs - Les Cristallines %\",\"isPartOf\":{\"@id\":\"http:\/\/www.lescristallines15.ovh\/#website\"},\"primaryImageOfPage\":{\"@id\":\"http:\/\/www.lescristallines15.ovh\/index.php\/appartement-4-places-a-louer-station-du-lioran-pratique-du-ski-alpinfond-vtt-descente-station-familiale-pour-vos-vacances-dans-le-cantal-neige-montagne\/#primaryimage\"},\"image\":{\"@id\":\"http:\/\/www.lescristallines15.ovh\/index.php\/appartement-4-places-a-louer-station-du-lioran-pratique-du-ski-alpinfond-vtt-descente-station-familiale-pour-vos-vacances-dans-le-cantal-neige-montagne\/#primaryimage\"},\"thumbnailUrl\":\"http:\/\/www.lescristallines15.ovh\/wp-content\/uploads\/2026\/03\/tarifs-maquette-2024-25-copie.gif\",\"datePublished\":\"2018-09-06T19:19:55+00:00\",\"dateModified\":\"2026-03-26T18:10:01+00:00\",\"description\":\"Appartement 4 places \u00e0 louer station du Lioran pratique du ski alpin,fond vtt descente.Station familiale pour vos vacances dans le cantal, neige, montagne\",\"breadcrumb\":{\"@id\":\"http:\/\/www.lescristallines15.ovh\/index.php\/appartement-4-places-a-louer-station-du-lioran-pratique-du-ski-alpinfond-vtt-descente-station-familiale-pour-vos-vacances-dans-le-cantal-neige-montagne\/#breadcrumb\"},\"inLanguage\":\"fr-FR\",\"potentialAction\":[{\"@type\":\"ReadAction\",\"target\":[\"http:\/\/www.lescristallines15.ovh\/index.php\/appartement-4-places-a-louer-station-du-lioran-pratique-du-ski-alpinfond-vtt-descente-station-familiale-pour-vos-vacances-dans-le-cantal-neige-montagne\/\"]}]},{\"@type\":\"ImageObject\",\"inLanguage\":\"fr-FR\",\"@id\":\"http:\/\/www.lescristallines15.ovh\/index.php\/appartement-4-places-a-louer-station-du-lioran-pratique-du-ski-alpinfond-vtt-descente-station-familiale-pour-vos-vacances-dans-le-cantal-neige-montagne\/#primaryimage\",\"url\":\"https:\/\/www.lescristallines15.ovh\/wp-content\/uploads\/2026\/03\/tarifs-maquette-2024-25-copie.gif\",\"contentUrl\":\"https:\/\/www.lescristallines15.ovh\/wp-content\/uploads\/2026\/03\/tarifs-maquette-2024-25-copie.gif\",\"width\":615,\"height\":78},{\"@type\":\"BreadcrumbList\",\"@id\":\"http:\/\/www.lescristallines15.ovh\/index.php\/appartement-4-places-a-louer-station-du-lioran-pratique-du-ski-alpinfond-vtt-descente-station-familiale-pour-vos-vacances-dans-le-cantal-neige-montagne\/#breadcrumb\",\"itemListElement\":[{\"@type\":\"ListItem\",\"position\":1,\"name\":\"Accueil\",\"item\":\"http:\/\/www.lescristallines15.ovh\/\"},{\"@type\":\"ListItem\",\"position\":2,\"name\":\"Contact et Tarifs\"}]},{\"@type\":\"WebSite\",\"@id\":\"http:\/\/www.lescristallines15.ovh\/#website\",\"url\":\"http:\/\/www.lescristallines15.ovh\/\",\"name\":\"Les Cristallines\",\"description\":\"Location appartement Le Lioran Cantal\",\"potentialAction\":[{\"@type\":\"SearchAction\",\"target\":{\"@type\":\"EntryPoint\",\"urlTemplate\":\"http:\/\/www.lescristallines15.ovh\/?s={search_term_string}\"},\"query-input\":{\"@type\":\"PropertyValueSpecification\",\"valueRequired\":true,\"valueName\":\"search_term_string\"}}],\"inLanguage\":\"fr-FR\"}]}<\/script>\n<!-- \/ Yoast SEO plugin. -->","yoast_head_json":{"title":"Contact et Tarifs - Les Cristallines %","description":"Appartement 4 places \u00e0 louer station du Lioran pratique du ski alpin,fond vtt descente.Station familiale pour vos vacances dans le cantal, neige, montagne","robots":{"index":"index","follow":"follow","max-snippet":"max-snippet:-1","max-image-preview":"max-image-preview:large","max-video-preview":"max-video-preview:-1"},"canonical":"http:\/\/www.lescristallines15.ovh\/index.php\/appartement-4-places-a-louer-station-du-lioran-pratique-du-ski-alpinfond-vtt-descente-station-familiale-pour-vos-vacances-dans-le-cantal-neige-montagne\/","og_locale":"fr_FR","og_type":"article","og_title":"Contact et Tarifs - Les Cristallines %","og_description":"Appartement 4 places \u00e0 louer station du Lioran pratique du ski alpin,fond vtt descente.Station familiale pour vos vacances dans le cantal, neige, montagne","og_url":"http:\/\/www.lescristallines15.ovh\/index.php\/appartement-4-places-a-louer-station-du-lioran-pratique-du-ski-alpinfond-vtt-descente-station-familiale-pour-vos-vacances-dans-le-cantal-neige-montagne\/","og_site_name":"Les Cristallines","article_modified_time":"2026-03-26T18:10:01+00:00","og_image":[{"url":"http:\/\/www.lescristallines15.ovh\/wp-content\/uploads\/2026\/03\/tarifs-maquette-2024-25-copie.gif","type":"","width":"","height":""}],"twitter_card":"summary_large_image","twitter_misc":{"Dur\u00e9e de lecture estim\u00e9e":"1 minute"},"schema":{"@context":"https:\/\/schema.org","@graph":[{"@type":"WebPage","@id":"http:\/\/www.lescristallines15.ovh\/index.php\/appartement-4-places-a-louer-station-du-lioran-pratique-du-ski-alpinfond-vtt-descente-station-familiale-pour-vos-vacances-dans-le-cantal-neige-montagne\/","url":"http:\/\/www.lescristallines15.ovh\/index.php\/appartement-4-places-a-louer-station-du-lioran-pratique-du-ski-alpinfond-vtt-descente-station-familiale-pour-vos-vacances-dans-le-cantal-neige-montagne\/","name":"Contact et Tarifs - Les Cristallines %","isPartOf":{"@id":"http:\/\/www.lescristallines15.ovh\/#website"},"primaryImageOfPage":{"@id":"http:\/\/www.lescristallines15.ovh\/index.php\/appartement-4-places-a-louer-station-du-lioran-pratique-du-ski-alpinfond-vtt-descente-station-familiale-pour-vos-vacances-dans-le-cantal-neige-montagne\/#primaryimage"},"image":{"@id":"http:\/\/www.lescristallines15.ovh\/index.php\/appartement-4-places-a-louer-station-du-lioran-pratique-du-ski-alpinfond-vtt-descente-station-familiale-pour-vos-vacances-dans-le-cantal-neige-montagne\/#primaryimage"},"thumbnailUrl":"http:\/\/www.lescristallines15.ovh\/wp-content\/uploads\/2026\/03\/tarifs-maquette-2024-25-copie.gif","datePublished":"2018-09-06T19:19:55+00:00","dateModified":"2026-03-26T18:10:01+00:00","description":"Appartement 4 places \u00e0 louer station du Lioran pratique du ski alpin,fond vtt descente.Station familiale pour vos vacances dans le cantal, neige, montagne","breadcrumb":{"@id":"http:\/\/www.lescristallines15.ovh\/index.php\/appartement-4-places-a-louer-station-du-lioran-pratique-du-ski-alpinfond-vtt-descente-station-familiale-pour-vos-vacances-dans-le-cantal-neige-montagne\/#breadcrumb"},"inLanguage":"fr-FR","potentialAction":[{"@type":"ReadAction","target":["http:\/\/www.lescristallines15.ovh\/index.php\/appartement-4-places-a-louer-station-du-lioran-pratique-du-ski-alpinfond-vtt-descente-station-familiale-pour-vos-vacances-dans-le-cantal-neige-montagne\/"]}]},{"@type":"ImageObject","inLanguage":"fr-FR","@id":"http:\/\/www.lescristallines15.ovh\/index.php\/appartement-4-places-a-louer-station-du-lioran-pratique-du-ski-alpinfond-vtt-descente-station-familiale-pour-vos-vacances-dans-le-cantal-neige-montagne\/#primaryimage","url":"https:\/\/www.lescristallines15.ovh\/wp-content\/uploads\/2026\/03\/tarifs-maquette-2024-25-copie.gif","contentUrl":"https:\/\/www.lescristallines15.ovh\/wp-content\/uploads\/2026\/03\/tarifs-maquette-2024-25-copie.gif","width":615,"height":78},{"@type":"BreadcrumbList","@id":"http:\/\/www.lescristallines15.ovh\/index.php\/appartement-4-places-a-louer-station-du-lioran-pratique-du-ski-alpinfond-vtt-descente-station-familiale-pour-vos-vacances-dans-le-cantal-neige-montagne\/#breadcrumb","itemListElement":[{"@type":"ListItem","position":1,"name":"Accueil","item":"http:\/\/www.lescristallines15.ovh\/"},{"@type":"ListItem","position":2,"name":"Contact et Tarifs"}]},{"@type":"WebSite","@id":"http:\/\/www.lescristallines15.ovh\/#website","url":"http:\/\/www.lescristallines15.ovh\/","name":"Les Cristallines","description":"Location appartement Le Lioran Cantal","potentialAction":[{"@type":"SearchAction","target":{"@type":"EntryPoint","urlTemplate":"http:\/\/www.lescristallines15.ovh\/?s={search_term_string}"},"query-input":{"@type":"PropertyValueSpecification","valueRequired":true,"valueName":"search_term_string"}}],"inLanguage":"fr-FR"}]}},"_links":{"self":[{"href":"https:\/\/www.lescristallines15.ovh\/index.php\/wp-json\/wp\/v2\/pages\/10","targetHints":{"allow":["GET"]}}],"collection":[{"href":"https:\/\/www.lescristallines15.ovh\/index.php\/wp-json\/wp\/v2\/pages"}],"about":[{"href":"https:\/\/www.lescristallines15.ovh\/index.php\/wp-json\/wp\/v2\/types\/page"}],"author":[{"embeddable":true,"href":"https:\/\/www.lescristallines15.ovh\/index.php\/wp-json\/wp\/v2\/users\/1"}],"replies":[{"embeddable":true,"href":"https:\/\/www.lescristallines15.ovh\/index.php\/wp-json\/wp\/v2\/comments?post=10"}],"version-history":[{"count":78,"href":"https:\/\/www.lescristallines15.ovh\/index.php\/wp-json\/wp\/v2\/pages\/10\/revisions"}],"predecessor-version":[{"id":701,"href":"https:\/\/www.lescristallines15.ovh\/index.php\/wp-json\/wp\/v2\/pages\/10\/revisions\/701"}],"wp:attachment":[{"href":"https:\/\/www.lescristallines15.ovh\/index.php\/wp-json\/wp\/v2\/media?parent=10"}],"curies":[{"name":"wp","href":"https:\/\/api.w.org\/{rel}","templated":true}]}}