{"id":18,"date":"2018-09-06T21:19:55","date_gmt":"2018-09-06T19:19:55","guid":{"rendered":"http:\/\/www.lescristallines15.ovh\/?page_id=18"},"modified":"2021-07-31T09:13:02","modified_gmt":"2021-07-31T07:13:02","slug":"appartement-location-ski-neige-montagne-vtt-randonnee-cantal-lioran-15-2","status":"publish","type":"page","link":"https:\/\/www.lescristallines15.ovh\/index.php\/appartement-location-ski-neige-montagne-vtt-randonnee-cantal-lioran-15-2\/","title":{"rendered":"Et\u00e9"},"content":{"rendered":"<p>L\u2019\u00e9t\u00e9 au Lioran ce sont de magnifiques randonn\u00e9es et un bike park class\u00e9 parmi les 5 meilleurs Bike-Park de France.<\/p>\n<p>\u00c9quitation, canyoning, rafting, accrobranche, d\u00e9val&rsquo;luge, escalade, parapente, tyrolienne, p\u00eache, badminton, mini golf, piscine, tennis, tir \u00e0 l&rsquo;arc&#8230;<\/p>\n<p><a href=\"https:\/\/www.lelioran.com\/home-ete?chgSaison=ete\"><img loading=\"lazy\" decoding=\"async\" class=\"alignnone wp-image-572 size-full\" src=\"http:\/\/www.lescristallines15.ovh\/wp-content\/uploads\/2021\/07\/Screenshot-2021-07-31-at-09-11-27-Accueil-ETE-Le-Lioran-station-chaine-des-volcans-dAuvergne-ete-hiver-randonnees-sejou....png\" alt=\"\" width=\"351\" height=\"281\" srcset=\"https:\/\/www.lescristallines15.ovh\/wp-content\/uploads\/2021\/07\/Screenshot-2021-07-31-at-09-11-27-Accueil-ETE-Le-Lioran-station-chaine-des-volcans-dAuvergne-ete-hiver-randonnees-sejou....png 351w, https:\/\/www.lescristallines15.ovh\/wp-content\/uploads\/2021\/07\/Screenshot-2021-07-31-at-09-11-27-Accueil-ETE-Le-Lioran-station-chaine-des-volcans-dAuvergne-ete-hiver-randonnees-sejou...-300x240.png 300w\" sizes=\"auto, (max-width: 351px) 100vw, 351px\" \/><\/a><\/p>\n<p><a href=\"https:\/\/www.lelioran.com\/agenda1\">https:\/\/www.lelioran.com\/agenda1<\/a><\/p>\n<p><a href=\"https:\/\/www.facebook.com\/stationdulioran\/\">https:\/\/www.facebook.com\/stationdulioran\/<\/a><\/p>\n<p>ngg_shortcode_0_placeholder<div style=\"width: 640px;\" class=\"wp-video\"><video class=\"wp-video-shortcode\" id=\"video-18-1\" width=\"640\" height=\"480\" preload=\"metadata\" controls=\"controls\"><source type=\"video\/mp4\" src=\"http:\/\/www.lescristallines15.ovh\/wp-content\/uploads\/2018\/11\/40542080_300492960735706_2457276492496858066_n.mp4?_=1\" \/><a href=\"http:\/\/www.lescristallines15.ovh\/wp-content\/uploads\/2018\/11\/40542080_300492960735706_2457276492496858066_n.mp4\">http:\/\/www.lescristallines15.ovh\/wp-content\/uploads\/2018\/11\/40542080_300492960735706_2457276492496858066_n.mp4<\/a><\/video><\/div><\/p>\n","protected":false},"excerpt":{"rendered":"<p>L\u2019\u00e9t\u00e9 au Lioran ce sont de magnifiques randonn\u00e9es et un bike park class\u00e9 parmi les 5 meilleurs Bike-Park de France. \u00c9quitation, canyoning, rafting, accrobranche, d\u00e9val&rsquo;luge, escalade, parapente, tyrolienne, p\u00eache, badminton, mini golf, piscine, tennis, tir \u00e0 l&rsquo;arc&#8230; https:\/\/www.lelioran.com\/agenda1 https:\/\/www.facebook.com\/stationdulioran\/<\/p>\n","protected":false},"author":1,"featured_media":0,"parent":0,"menu_order":0,"comment_status":"closed","ping_status":"closed","template":"","meta":{"ngg_post_thumbnail":0,"footnotes":""},"class_list":["post-18","page","type-page","status-publish","hentry"],"yoast_head":"<!-- This site is optimized with the Yoast SEO plugin v24.4 - https:\/\/yoast.com\/wordpress\/plugins\/seo\/ -->\n<title>Et\u00e9 - Les Cristallines<\/title>\n<meta name=\"description\" content=\"Appartement 4-6 places \u00e0 louer station du Lioran pratique du ski alpin,fond vtt descente.Station familiale pour vos vacances dans le cantal, neige, montagne\" \/>\n<meta name=\"robots\" content=\"index, follow, max-snippet:-1, max-image-preview:large, max-video-preview:-1\" \/>\n<link rel=\"canonical\" href=\"https:\/\/www.lescristallines15.ovh\/index.php\/appartement-location-ski-neige-montagne-vtt-randonnee-cantal-lioran-15-2\/\" \/>\n<meta property=\"og:locale\" content=\"fr_FR\" \/>\n<meta property=\"og:type\" content=\"article\" \/>\n<meta property=\"og:title\" content=\"Et\u00e9 - Les Cristallines\" \/>\n<meta property=\"og:description\" content=\"Appartement 4-6 places \u00e0 louer station du Lioran pratique du ski alpin,fond vtt descente.Station familiale pour vos vacances dans le cantal, neige, montagne\" \/>\n<meta property=\"og:url\" content=\"https:\/\/www.lescristallines15.ovh\/index.php\/appartement-location-ski-neige-montagne-vtt-randonnee-cantal-lioran-15-2\/\" \/>\n<meta property=\"og:site_name\" content=\"Les Cristallines\" \/>\n<meta property=\"article:modified_time\" content=\"2021-07-31T07:13:02+00:00\" \/>\n<meta property=\"og:image\" content=\"http:\/\/www.lescristallines15.ovh\/wp-content\/uploads\/2021\/07\/Screenshot-2021-07-31-at-09-11-27-Accueil-ETE-Le-Lioran-station-chaine-des-volcans-dAuvergne-ete-hiver-randonnees-sejou....png\" \/>\n<meta name=\"twitter:card\" content=\"summary_large_image\" \/>\n<meta name=\"twitter:label1\" content=\"Dur\u00e9e de lecture estim\u00e9e\" \/>\n\t<meta name=\"twitter:data1\" content=\"1 minute\" \/>\n<script type=\"application\/ld+json\" class=\"yoast-schema-graph\">{\"@context\":\"https:\/\/schema.org\",\"@graph\":[{\"@type\":\"WebPage\",\"@id\":\"https:\/\/www.lescristallines15.ovh\/index.php\/appartement-location-ski-neige-montagne-vtt-randonnee-cantal-lioran-15-2\/\",\"url\":\"https:\/\/www.lescristallines15.ovh\/index.php\/appartement-location-ski-neige-montagne-vtt-randonnee-cantal-lioran-15-2\/\",\"name\":\"Et\u00e9 - Les Cristallines\",\"isPartOf\":{\"@id\":\"http:\/\/www.lescristallines15.ovh\/#website\"},\"primaryImageOfPage\":{\"@id\":\"https:\/\/www.lescristallines15.ovh\/index.php\/appartement-location-ski-neige-montagne-vtt-randonnee-cantal-lioran-15-2\/#primaryimage\"},\"image\":{\"@id\":\"https:\/\/www.lescristallines15.ovh\/index.php\/appartement-location-ski-neige-montagne-vtt-randonnee-cantal-lioran-15-2\/#primaryimage\"},\"thumbnailUrl\":\"http:\/\/www.lescristallines15.ovh\/wp-content\/uploads\/2021\/07\/Screenshot-2021-07-31-at-09-11-27-Accueil-ETE-Le-Lioran-station-chaine-des-volcans-dAuvergne-ete-hiver-randonnees-sejou....png\",\"datePublished\":\"2018-09-06T19:19:55+00:00\",\"dateModified\":\"2021-07-31T07:13:02+00:00\",\"description\":\"Appartement 4-6 places \u00e0 louer station du Lioran pratique du ski alpin,fond vtt descente.Station familiale pour vos vacances dans le cantal, neige, montagne\",\"breadcrumb\":{\"@id\":\"https:\/\/www.lescristallines15.ovh\/index.php\/appartement-location-ski-neige-montagne-vtt-randonnee-cantal-lioran-15-2\/#breadcrumb\"},\"inLanguage\":\"fr-FR\",\"potentialAction\":[{\"@type\":\"ReadAction\",\"target\":[\"https:\/\/www.lescristallines15.ovh\/index.php\/appartement-location-ski-neige-montagne-vtt-randonnee-cantal-lioran-15-2\/\"]}]},{\"@type\":\"ImageObject\",\"inLanguage\":\"fr-FR\",\"@id\":\"https:\/\/www.lescristallines15.ovh\/index.php\/appartement-location-ski-neige-montagne-vtt-randonnee-cantal-lioran-15-2\/#primaryimage\",\"url\":\"https:\/\/www.lescristallines15.ovh\/wp-content\/uploads\/2021\/07\/Screenshot-2021-07-31-at-09-11-27-Accueil-ETE-Le-Lioran-station-chaine-des-volcans-dAuvergne-ete-hiver-randonnees-sejou....png\",\"contentUrl\":\"https:\/\/www.lescristallines15.ovh\/wp-content\/uploads\/2021\/07\/Screenshot-2021-07-31-at-09-11-27-Accueil-ETE-Le-Lioran-station-chaine-des-volcans-dAuvergne-ete-hiver-randonnees-sejou....png\",\"width\":351,\"height\":281},{\"@type\":\"BreadcrumbList\",\"@id\":\"https:\/\/www.lescristallines15.ovh\/index.php\/appartement-location-ski-neige-montagne-vtt-randonnee-cantal-lioran-15-2\/#breadcrumb\",\"itemListElement\":[{\"@type\":\"ListItem\",\"position\":1,\"name\":\"Accueil\",\"item\":\"http:\/\/www.lescristallines15.ovh\/\"},{\"@type\":\"ListItem\",\"position\":2,\"name\":\"Et\u00e9\"}]},{\"@type\":\"WebSite\",\"@id\":\"http:\/\/www.lescristallines15.ovh\/#website\",\"url\":\"http:\/\/www.lescristallines15.ovh\/\",\"name\":\"Les Cristallines\",\"description\":\"Location appartement Le Lioran Cantal\",\"potentialAction\":[{\"@type\":\"SearchAction\",\"target\":{\"@type\":\"EntryPoint\",\"urlTemplate\":\"http:\/\/www.lescristallines15.ovh\/?s={search_term_string}\"},\"query-input\":{\"@type\":\"PropertyValueSpecification\",\"valueRequired\":true,\"valueName\":\"search_term_string\"}}],\"inLanguage\":\"fr-FR\"}]}<\/script>\n<!-- \/ Yoast SEO plugin. -->","yoast_head_json":{"title":"Et\u00e9 - Les Cristallines","description":"Appartement 4-6 places \u00e0 louer station du Lioran pratique du ski alpin,fond vtt descente.Station familiale pour vos vacances dans le cantal, neige, montagne","robots":{"index":"index","follow":"follow","max-snippet":"max-snippet:-1","max-image-preview":"max-image-preview:large","max-video-preview":"max-video-preview:-1"},"canonical":"https:\/\/www.lescristallines15.ovh\/index.php\/appartement-location-ski-neige-montagne-vtt-randonnee-cantal-lioran-15-2\/","og_locale":"fr_FR","og_type":"article","og_title":"Et\u00e9 - Les Cristallines","og_description":"Appartement 4-6 places \u00e0 louer station du Lioran pratique du ski alpin,fond vtt descente.Station familiale pour vos vacances dans le cantal, neige, montagne","og_url":"https:\/\/www.lescristallines15.ovh\/index.php\/appartement-location-ski-neige-montagne-vtt-randonnee-cantal-lioran-15-2\/","og_site_name":"Les Cristallines","article_modified_time":"2021-07-31T07:13:02+00:00","og_image":[{"url":"http:\/\/www.lescristallines15.ovh\/wp-content\/uploads\/2021\/07\/Screenshot-2021-07-31-at-09-11-27-Accueil-ETE-Le-Lioran-station-chaine-des-volcans-dAuvergne-ete-hiver-randonnees-sejou....png","type":"","width":"","height":""}],"twitter_card":"summary_large_image","twitter_misc":{"Dur\u00e9e de lecture estim\u00e9e":"1 minute"},"schema":{"@context":"https:\/\/schema.org","@graph":[{"@type":"WebPage","@id":"https:\/\/www.lescristallines15.ovh\/index.php\/appartement-location-ski-neige-montagne-vtt-randonnee-cantal-lioran-15-2\/","url":"https:\/\/www.lescristallines15.ovh\/index.php\/appartement-location-ski-neige-montagne-vtt-randonnee-cantal-lioran-15-2\/","name":"Et\u00e9 - Les Cristallines","isPartOf":{"@id":"http:\/\/www.lescristallines15.ovh\/#website"},"primaryImageOfPage":{"@id":"https:\/\/www.lescristallines15.ovh\/index.php\/appartement-location-ski-neige-montagne-vtt-randonnee-cantal-lioran-15-2\/#primaryimage"},"image":{"@id":"https:\/\/www.lescristallines15.ovh\/index.php\/appartement-location-ski-neige-montagne-vtt-randonnee-cantal-lioran-15-2\/#primaryimage"},"thumbnailUrl":"http:\/\/www.lescristallines15.ovh\/wp-content\/uploads\/2021\/07\/Screenshot-2021-07-31-at-09-11-27-Accueil-ETE-Le-Lioran-station-chaine-des-volcans-dAuvergne-ete-hiver-randonnees-sejou....png","datePublished":"2018-09-06T19:19:55+00:00","dateModified":"2021-07-31T07:13:02+00:00","description":"Appartement 4-6 places \u00e0 louer station du Lioran pratique du ski alpin,fond vtt descente.Station familiale pour vos vacances dans le cantal, neige, montagne","breadcrumb":{"@id":"https:\/\/www.lescristallines15.ovh\/index.php\/appartement-location-ski-neige-montagne-vtt-randonnee-cantal-lioran-15-2\/#breadcrumb"},"inLanguage":"fr-FR","potentialAction":[{"@type":"ReadAction","target":["https:\/\/www.lescristallines15.ovh\/index.php\/appartement-location-ski-neige-montagne-vtt-randonnee-cantal-lioran-15-2\/"]}]},{"@type":"ImageObject","inLanguage":"fr-FR","@id":"https:\/\/www.lescristallines15.ovh\/index.php\/appartement-location-ski-neige-montagne-vtt-randonnee-cantal-lioran-15-2\/#primaryimage","url":"https:\/\/www.lescristallines15.ovh\/wp-content\/uploads\/2021\/07\/Screenshot-2021-07-31-at-09-11-27-Accueil-ETE-Le-Lioran-station-chaine-des-volcans-dAuvergne-ete-hiver-randonnees-sejou....png","contentUrl":"https:\/\/www.lescristallines15.ovh\/wp-content\/uploads\/2021\/07\/Screenshot-2021-07-31-at-09-11-27-Accueil-ETE-Le-Lioran-station-chaine-des-volcans-dAuvergne-ete-hiver-randonnees-sejou....png","width":351,"height":281},{"@type":"BreadcrumbList","@id":"https:\/\/www.lescristallines15.ovh\/index.php\/appartement-location-ski-neige-montagne-vtt-randonnee-cantal-lioran-15-2\/#breadcrumb","itemListElement":[{"@type":"ListItem","position":1,"name":"Accueil","item":"http:\/\/www.lescristallines15.ovh\/"},{"@type":"ListItem","position":2,"name":"Et\u00e9"}]},{"@type":"WebSite","@id":"http:\/\/www.lescristallines15.ovh\/#website","url":"http:\/\/www.lescristallines15.ovh\/","name":"Les Cristallines","description":"Location appartement Le Lioran Cantal","potentialAction":[{"@type":"SearchAction","target":{"@type":"EntryPoint","urlTemplate":"http:\/\/www.lescristallines15.ovh\/?s={search_term_string}"},"query-input":{"@type":"PropertyValueSpecification","valueRequired":true,"valueName":"search_term_string"}}],"inLanguage":"fr-FR"}]}},"_links":{"self":[{"href":"https:\/\/www.lescristallines15.ovh\/index.php\/wp-json\/wp\/v2\/pages\/18","targetHints":{"allow":["GET"]}}],"collection":[{"href":"https:\/\/www.lescristallines15.ovh\/index.php\/wp-json\/wp\/v2\/pages"}],"about":[{"href":"https:\/\/www.lescristallines15.ovh\/index.php\/wp-json\/wp\/v2\/types\/page"}],"author":[{"embeddable":true,"href":"https:\/\/www.lescristallines15.ovh\/index.php\/wp-json\/wp\/v2\/users\/1"}],"replies":[{"embeddable":true,"href":"https:\/\/www.lescristallines15.ovh\/index.php\/wp-json\/wp\/v2\/comments?post=18"}],"version-history":[{"count":29,"href":"https:\/\/www.lescristallines15.ovh\/index.php\/wp-json\/wp\/v2\/pages\/18\/revisions"}],"predecessor-version":[{"id":573,"href":"https:\/\/www.lescristallines15.ovh\/index.php\/wp-json\/wp\/v2\/pages\/18\/revisions\/573"}],"wp:attachment":[{"href":"https:\/\/www.lescristallines15.ovh\/index.php\/wp-json\/wp\/v2\/media?parent=18"}],"curies":[{"name":"wp","href":"https:\/\/api.w.org\/{rel}","templated":true}]}}