{"id":19,"date":"2018-09-06T21:19:55","date_gmt":"2018-09-06T19:19:55","guid":{"rendered":"http:\/\/www.lescristallines15.ovh\/?page_id=19"},"modified":"2021-07-31T09:10:32","modified_gmt":"2021-07-31T07:10:32","slug":"hiver-appartement-location-ski-neige-montagne-vtt-randonnee-cantal-lioran-15","status":"publish","type":"page","link":"https:\/\/www.lescristallines15.ovh\/index.php\/hiver-appartement-location-ski-neige-montagne-vtt-randonnee-cantal-lioran-15\/","title":{"rendered":"Hiver"},"content":{"rendered":"<h4>Nich\u00e9e au milieu des sapins, au c\u0153ur du Parc Naturel R\u00e9gional des Volcans d&rsquo;Auvergne, la station du Lioran s&rsquo;\u00e9tend de 1160 \u00e0 1850 m\u00e8tres d&rsquo;altitude.<\/h4>\n<h2>La Glisse<\/h2>\n<p>Le domaine skiable est ouvert du 22&nbsp;D\u00e9cembre 2018&nbsp;au 7&nbsp;Avril 2019, tous les jours de 9h \u00e0 17h.<br \/>\nOuverture \u00e9ventuelle les 8-9 d\u00e9cembre, 15-16 d\u00e9cembre&nbsp;selon enneigement.<\/p>\n<p>Un domaine accessible \u00e0 tous : 44 Pistes pour 60 km de plaisir, 1 espace d\u00e9butant, 1 snowpark&#8230;<br \/>\n18&nbsp;remont\u00e9es m\u00e9caniques dont 1 t\u00e9l\u00e9ph\u00e9rique, 8 t\u00e9l\u00e9si\u00e8ges, 6 t\u00e9l\u00e9skis, 2 tapis, 1 t\u00e9l\u00e9baby .<\/p>\n<p>Un r\u00e9seau de 267&nbsp;enneigeurs vous assure une garantie neige sur 20 pistes, l&rsquo;espace d\u00e9butant ainsi que le snowpark.<\/p>\n<h2>Le Lioran, c&rsquo;est aussi les joies de la neige sans les skis<\/h2>\n<p>Patinoire, chiens de tra\u00eeneaux, balades motoneiges, pistes de luge, luge sur rail, randonn\u00e9es raquettes libres ou accompagn\u00e9es, ski-jo\u00ebring, poney luge, cascade de glace, randonn\u00e9es alpine, ski de randonn\u00e9e, baln\u00e9oth\u00e9rapie&#8230;<\/p>\n<p>Et bien d&rsquo;autres activit\u00e9s:<br \/>\nm\u00e9diath\u00e8que, matchs de hockey, descentes aux flambeaux, ski nocturne, feux d&rsquo;artifices&#8230;<\/p>\n<p><a href=\"https:\/\/www.lelioran.com\/home-hiver?chgSaison=hiver\" rel=\"https:\/\/www.lelioran.com\/home-hiver?chgSaison=hiver noopener\"><img loading=\"lazy\" decoding=\"async\" class=\"alignnone wp-image-568\" src=\"http:\/\/www.lescristallines15.ovh\/wp-content\/uploads\/2021\/07\/Screenshot-2021-07-31-at-09-06-18-Accueil-HIVER-Le-Lioran-station-chaine-des-volcans-dAuvergne-ete-hiver-randonnees-sej....png\" alt=\"Le Lioran - Hiver\" width=\"126\" height=\"91\" srcset=\"https:\/\/www.lescristallines15.ovh\/wp-content\/uploads\/2021\/07\/Screenshot-2021-07-31-at-09-06-18-Accueil-HIVER-Le-Lioran-station-chaine-des-volcans-dAuvergne-ete-hiver-randonnees-sej....png 343w, https:\/\/www.lescristallines15.ovh\/wp-content\/uploads\/2021\/07\/Screenshot-2021-07-31-at-09-06-18-Accueil-HIVER-Le-Lioran-station-chaine-des-volcans-dAuvergne-ete-hiver-randonnees-sej...-300x216.png 300w\" sizes=\"auto, (max-width: 126px) 100vw, 126px\" \/><\/a><\/p>\n<p><a href=\"https:\/\/www.lelioran.com\/home-hiver?chgSaison=hiver\">https:\/\/www.lelioran.com\/home-hiver?chgSaison=hiver<\/a><\/p>\nngg_shortcode_0_placeholder\n<h4><img loading=\"lazy\" decoding=\"async\" class=\"alignnone size-full wp-image-402\" src=\"http:\/\/www.lescristallines15.ovh\/wp-content\/uploads\/2018\/11\/lioran_station.jpg\" alt=\"\" width=\"3715\" height=\"600\" srcset=\"https:\/\/www.lescristallines15.ovh\/wp-content\/uploads\/2018\/11\/lioran_station.jpg 3715w, https:\/\/www.lescristallines15.ovh\/wp-content\/uploads\/2018\/11\/lioran_station-300x48.jpg 300w, https:\/\/www.lescristallines15.ovh\/wp-content\/uploads\/2018\/11\/lioran_station-768x124.jpg 768w, https:\/\/www.lescristallines15.ovh\/wp-content\/uploads\/2018\/11\/lioran_station-1024x165.jpg 1024w, https:\/\/www.lescristallines15.ovh\/wp-content\/uploads\/2018\/11\/lioran_station-1020x165.jpg 1020w\" sizes=\"auto, (max-width: 3715px) 100vw, 3715px\" \/><\/h4>\n","protected":false},"excerpt":{"rendered":"<p>Nich\u00e9e au milieu des sapins, au c\u0153ur du Parc Naturel R\u00e9gional des Volcans d&rsquo;Auvergne, la station du Lioran s&rsquo;\u00e9tend de 1160 \u00e0 1850 m\u00e8tres d&rsquo;altitude. La Glisse Le domaine skiable est ouvert du 22&nbsp;D\u00e9cembre 2018&nbsp;au 7&nbsp;Avril 2019, tous les jours de 9h \u00e0 17h. Ouverture \u00e9ventuelle les 8-9 d\u00e9cembre, 15-16 d\u00e9cembre&nbsp;selon enneigement. Un domaine accessible [&hellip;]<\/p>\n","protected":false},"author":1,"featured_media":16,"parent":0,"menu_order":0,"comment_status":"closed","ping_status":"closed","template":"","meta":{"ngg_post_thumbnail":0,"footnotes":""},"class_list":["post-19","page","type-page","status-publish","has-post-thumbnail","hentry"],"yoast_head":"<!-- This site is optimized with the Yoast SEO plugin v24.4 - https:\/\/yoast.com\/wordpress\/plugins\/seo\/ -->\n<title>Hiver - Les Cristallines<\/title>\n<meta name=\"description\" content=\"Appartement 4-6 places \u00e0 louer station du Lioran pratique du ski alpin,fond vtt descente.Station familiale pour vos vacances dans le cantal, neige, montagne\" \/>\n<meta name=\"robots\" content=\"index, follow, max-snippet:-1, max-image-preview:large, max-video-preview:-1\" \/>\n<link rel=\"canonical\" href=\"https:\/\/www.lescristallines15.ovh\/index.php\/hiver-appartement-location-ski-neige-montagne-vtt-randonnee-cantal-lioran-15\/\" \/>\n<meta property=\"og:locale\" content=\"fr_FR\" \/>\n<meta property=\"og:type\" content=\"article\" \/>\n<meta property=\"og:title\" content=\"Hiver - Les Cristallines\" \/>\n<meta property=\"og:description\" content=\"Appartement 4-6 places \u00e0 louer station du Lioran pratique du ski alpin,fond vtt descente.Station familiale pour vos vacances dans le cantal, neige, montagne\" \/>\n<meta property=\"og:url\" content=\"https:\/\/www.lescristallines15.ovh\/index.php\/hiver-appartement-location-ski-neige-montagne-vtt-randonnee-cantal-lioran-15\/\" \/>\n<meta property=\"og:site_name\" content=\"Les Cristallines\" \/>\n<meta property=\"article:modified_time\" content=\"2021-07-31T07:10:32+00:00\" \/>\n<meta property=\"og:image\" content=\"https:\/\/www.lescristallines15.ovh\/wp-content\/uploads\/2018\/09\/1512489418_lioran-web.jpg\" \/>\n\t<meta property=\"og:image:width\" content=\"645\" \/>\n\t<meta property=\"og:image:height\" content=\"325\" \/>\n\t<meta property=\"og:image:type\" content=\"image\/jpeg\" \/>\n<meta name=\"twitter:card\" content=\"summary_large_image\" \/>\n<meta name=\"twitter:label1\" content=\"Dur\u00e9e de lecture estim\u00e9e\" \/>\n\t<meta name=\"twitter:data1\" content=\"2 minutes\" \/>\n<script type=\"application\/ld+json\" class=\"yoast-schema-graph\">{\"@context\":\"https:\/\/schema.org\",\"@graph\":[{\"@type\":\"WebPage\",\"@id\":\"https:\/\/www.lescristallines15.ovh\/index.php\/hiver-appartement-location-ski-neige-montagne-vtt-randonnee-cantal-lioran-15\/\",\"url\":\"https:\/\/www.lescristallines15.ovh\/index.php\/hiver-appartement-location-ski-neige-montagne-vtt-randonnee-cantal-lioran-15\/\",\"name\":\"Hiver - Les Cristallines\",\"isPartOf\":{\"@id\":\"https:\/\/www.lescristallines15.ovh\/#website\"},\"primaryImageOfPage\":{\"@id\":\"https:\/\/www.lescristallines15.ovh\/index.php\/hiver-appartement-location-ski-neige-montagne-vtt-randonnee-cantal-lioran-15\/#primaryimage\"},\"image\":{\"@id\":\"https:\/\/www.lescristallines15.ovh\/index.php\/hiver-appartement-location-ski-neige-montagne-vtt-randonnee-cantal-lioran-15\/#primaryimage\"},\"thumbnailUrl\":\"https:\/\/www.lescristallines15.ovh\/wp-content\/uploads\/2018\/09\/1512489418_lioran-web.jpg\",\"datePublished\":\"2018-09-06T19:19:55+00:00\",\"dateModified\":\"2021-07-31T07:10:32+00:00\",\"description\":\"Appartement 4-6 places \u00e0 louer station du Lioran pratique du ski alpin,fond vtt descente.Station familiale pour vos vacances dans le cantal, neige, montagne\",\"breadcrumb\":{\"@id\":\"https:\/\/www.lescristallines15.ovh\/index.php\/hiver-appartement-location-ski-neige-montagne-vtt-randonnee-cantal-lioran-15\/#breadcrumb\"},\"inLanguage\":\"fr-FR\",\"potentialAction\":[{\"@type\":\"ReadAction\",\"target\":[\"https:\/\/www.lescristallines15.ovh\/index.php\/hiver-appartement-location-ski-neige-montagne-vtt-randonnee-cantal-lioran-15\/\"]}]},{\"@type\":\"ImageObject\",\"inLanguage\":\"fr-FR\",\"@id\":\"https:\/\/www.lescristallines15.ovh\/index.php\/hiver-appartement-location-ski-neige-montagne-vtt-randonnee-cantal-lioran-15\/#primaryimage\",\"url\":\"https:\/\/www.lescristallines15.ovh\/wp-content\/uploads\/2018\/09\/1512489418_lioran-web.jpg\",\"contentUrl\":\"https:\/\/www.lescristallines15.ovh\/wp-content\/uploads\/2018\/09\/1512489418_lioran-web.jpg\",\"width\":645,\"height\":325},{\"@type\":\"BreadcrumbList\",\"@id\":\"https:\/\/www.lescristallines15.ovh\/index.php\/hiver-appartement-location-ski-neige-montagne-vtt-randonnee-cantal-lioran-15\/#breadcrumb\",\"itemListElement\":[{\"@type\":\"ListItem\",\"position\":1,\"name\":\"Accueil\",\"item\":\"https:\/\/www.lescristallines15.ovh\/\"},{\"@type\":\"ListItem\",\"position\":2,\"name\":\"Hiver\"}]},{\"@type\":\"WebSite\",\"@id\":\"https:\/\/www.lescristallines15.ovh\/#website\",\"url\":\"https:\/\/www.lescristallines15.ovh\/\",\"name\":\"Les Cristallines\",\"description\":\"Location appartement Le Lioran Cantal\",\"potentialAction\":[{\"@type\":\"SearchAction\",\"target\":{\"@type\":\"EntryPoint\",\"urlTemplate\":\"https:\/\/www.lescristallines15.ovh\/?s={search_term_string}\"},\"query-input\":{\"@type\":\"PropertyValueSpecification\",\"valueRequired\":true,\"valueName\":\"search_term_string\"}}],\"inLanguage\":\"fr-FR\"}]}<\/script>\n<!-- \/ Yoast SEO plugin. -->","yoast_head_json":{"title":"Hiver - Les Cristallines","description":"Appartement 4-6 places \u00e0 louer station du Lioran pratique du ski alpin,fond vtt descente.Station familiale pour vos vacances dans le cantal, neige, montagne","robots":{"index":"index","follow":"follow","max-snippet":"max-snippet:-1","max-image-preview":"max-image-preview:large","max-video-preview":"max-video-preview:-1"},"canonical":"https:\/\/www.lescristallines15.ovh\/index.php\/hiver-appartement-location-ski-neige-montagne-vtt-randonnee-cantal-lioran-15\/","og_locale":"fr_FR","og_type":"article","og_title":"Hiver - Les Cristallines","og_description":"Appartement 4-6 places \u00e0 louer station du Lioran pratique du ski alpin,fond vtt descente.Station familiale pour vos vacances dans le cantal, neige, montagne","og_url":"https:\/\/www.lescristallines15.ovh\/index.php\/hiver-appartement-location-ski-neige-montagne-vtt-randonnee-cantal-lioran-15\/","og_site_name":"Les Cristallines","article_modified_time":"2021-07-31T07:10:32+00:00","og_image":[{"width":645,"height":325,"url":"https:\/\/www.lescristallines15.ovh\/wp-content\/uploads\/2018\/09\/1512489418_lioran-web.jpg","type":"image\/jpeg"}],"twitter_card":"summary_large_image","twitter_misc":{"Dur\u00e9e de lecture estim\u00e9e":"2 minutes"},"schema":{"@context":"https:\/\/schema.org","@graph":[{"@type":"WebPage","@id":"https:\/\/www.lescristallines15.ovh\/index.php\/hiver-appartement-location-ski-neige-montagne-vtt-randonnee-cantal-lioran-15\/","url":"https:\/\/www.lescristallines15.ovh\/index.php\/hiver-appartement-location-ski-neige-montagne-vtt-randonnee-cantal-lioran-15\/","name":"Hiver - Les Cristallines","isPartOf":{"@id":"https:\/\/www.lescristallines15.ovh\/#website"},"primaryImageOfPage":{"@id":"https:\/\/www.lescristallines15.ovh\/index.php\/hiver-appartement-location-ski-neige-montagne-vtt-randonnee-cantal-lioran-15\/#primaryimage"},"image":{"@id":"https:\/\/www.lescristallines15.ovh\/index.php\/hiver-appartement-location-ski-neige-montagne-vtt-randonnee-cantal-lioran-15\/#primaryimage"},"thumbnailUrl":"https:\/\/www.lescristallines15.ovh\/wp-content\/uploads\/2018\/09\/1512489418_lioran-web.jpg","datePublished":"2018-09-06T19:19:55+00:00","dateModified":"2021-07-31T07:10:32+00:00","description":"Appartement 4-6 places \u00e0 louer station du Lioran pratique du ski alpin,fond vtt descente.Station familiale pour vos vacances dans le cantal, neige, montagne","breadcrumb":{"@id":"https:\/\/www.lescristallines15.ovh\/index.php\/hiver-appartement-location-ski-neige-montagne-vtt-randonnee-cantal-lioran-15\/#breadcrumb"},"inLanguage":"fr-FR","potentialAction":[{"@type":"ReadAction","target":["https:\/\/www.lescristallines15.ovh\/index.php\/hiver-appartement-location-ski-neige-montagne-vtt-randonnee-cantal-lioran-15\/"]}]},{"@type":"ImageObject","inLanguage":"fr-FR","@id":"https:\/\/www.lescristallines15.ovh\/index.php\/hiver-appartement-location-ski-neige-montagne-vtt-randonnee-cantal-lioran-15\/#primaryimage","url":"https:\/\/www.lescristallines15.ovh\/wp-content\/uploads\/2018\/09\/1512489418_lioran-web.jpg","contentUrl":"https:\/\/www.lescristallines15.ovh\/wp-content\/uploads\/2018\/09\/1512489418_lioran-web.jpg","width":645,"height":325},{"@type":"BreadcrumbList","@id":"https:\/\/www.lescristallines15.ovh\/index.php\/hiver-appartement-location-ski-neige-montagne-vtt-randonnee-cantal-lioran-15\/#breadcrumb","itemListElement":[{"@type":"ListItem","position":1,"name":"Accueil","item":"https:\/\/www.lescristallines15.ovh\/"},{"@type":"ListItem","position":2,"name":"Hiver"}]},{"@type":"WebSite","@id":"https:\/\/www.lescristallines15.ovh\/#website","url":"https:\/\/www.lescristallines15.ovh\/","name":"Les Cristallines","description":"Location appartement Le Lioran Cantal","potentialAction":[{"@type":"SearchAction","target":{"@type":"EntryPoint","urlTemplate":"https:\/\/www.lescristallines15.ovh\/?s={search_term_string}"},"query-input":{"@type":"PropertyValueSpecification","valueRequired":true,"valueName":"search_term_string"}}],"inLanguage":"fr-FR"}]}},"_links":{"self":[{"href":"https:\/\/www.lescristallines15.ovh\/index.php\/wp-json\/wp\/v2\/pages\/19","targetHints":{"allow":["GET"]}}],"collection":[{"href":"https:\/\/www.lescristallines15.ovh\/index.php\/wp-json\/wp\/v2\/pages"}],"about":[{"href":"https:\/\/www.lescristallines15.ovh\/index.php\/wp-json\/wp\/v2\/types\/page"}],"author":[{"embeddable":true,"href":"https:\/\/www.lescristallines15.ovh\/index.php\/wp-json\/wp\/v2\/users\/1"}],"replies":[{"embeddable":true,"href":"https:\/\/www.lescristallines15.ovh\/index.php\/wp-json\/wp\/v2\/comments?post=19"}],"version-history":[{"count":11,"href":"https:\/\/www.lescristallines15.ovh\/index.php\/wp-json\/wp\/v2\/pages\/19\/revisions"}],"predecessor-version":[{"id":571,"href":"https:\/\/www.lescristallines15.ovh\/index.php\/wp-json\/wp\/v2\/pages\/19\/revisions\/571"}],"wp:featuredmedia":[{"embeddable":true,"href":"https:\/\/www.lescristallines15.ovh\/index.php\/wp-json\/wp\/v2\/media\/16"}],"wp:attachment":[{"href":"https:\/\/www.lescristallines15.ovh\/index.php\/wp-json\/wp\/v2\/media?parent=19"}],"curies":[{"name":"wp","href":"https:\/\/api.w.org\/{rel}","templated":true}]}}