{"id":22,"date":"2018-09-06T21:19:55","date_gmt":"2018-09-06T19:19:55","guid":{"rendered":"http:\/\/www.lescristallines15.ovh\/?page_id=22"},"modified":"2025-02-05T19:00:58","modified_gmt":"2025-02-05T18:00:58","slug":"appartement-appartement-location-ski-neige-montagne-vtt-randonnee-cantal-lioran-15","status":"publish","type":"page","link":"https:\/\/www.lescristallines15.ovh\/index.php\/appartement-appartement-location-ski-neige-montagne-vtt-randonnee-cantal-lioran-15\/","title":{"rendered":"L&rsquo;appartement"},"content":{"rendered":"<p>Appartement balcon T2 de 28 m\u00b2, 4 couchages. Exposition Sud-Est. Dans r\u00e9sidence calme de 7 niveaux (niveau &#8211; 2 sans asc.)<br \/>\nsitu\u00e9e \u00e0 300 m des commerces centre station (Prairie des Sagnes).<\/p>\n<p>Acc\u00e8s pistes (ski alpin) \u00e0 150 m\u00e8tres de la r\u00e9sidence (sortie de la r\u00e9sidence au niveau -3) ,<br \/>\nd\u00e9part et retour skis aux pieds (selon enneigement),retour par le t\u00e9l\u00e9si\u00e8ge de la \u00ab\u00a0Prairie\u00a0\u00bb ou de \u00ab\u00a0Masseboeuf\u00a0\u00bb.<\/p>\n<p>Local \u00e0 v\u00e9los, local \u00e0 skis (Niveau -1) et parking priv\u00e9 collectif (Niveau 0).<br \/>\nEntr\u00e9e-cabine : 2 lits superpos\u00e9s 90&#215;190, WC, Salle de Bains.<br \/>\nS\u00e9jour : 1 canap\u00e9, TV LCD, balcon 4 m\u00b2.<br \/>\nCoin-cuisine : 2 plaques induction&nbsp; four micro-onde, frigo, placards.<br \/>\nChambre : 1 lit 140&#215;190.<\/p>\n<p>\u00c9quipement m\u00e9nager fourni sauf linge.<\/p>\n<p>3 couettes (une 200X200 et deux 140X200 .. ), 2 couvertures,&nbsp; 4 oreillers<\/p>\n<p>Nos amis les animaux ne sont pas accept\u00e9s<\/p>\n<p>ngg_shortcode_0_placeholderTravaux et modifications pr\u00e9vus :<\/p>\n<p>Aout 2018 : remplacement des 2 matelas coin montagne ( mousse&nbsp; latex)&nbsp;<\/p>\n<p>&nbsp;&nbsp;&nbsp;&nbsp;&nbsp;&nbsp;&nbsp;&nbsp;&nbsp;&nbsp;&nbsp;&nbsp;&nbsp;&nbsp;&nbsp;&nbsp;&nbsp;&nbsp;&nbsp;&nbsp;&nbsp;&nbsp; installation du TV LCD 80 cm<\/p>\n<p>D\u00e9cembre 2018 : remplacement du frigidaire , couette suppl\u00e9mentaire 200X200<\/p>\n<p>Printemps 2019 : r\u00e9fection du coin salon-cuisine (meuble, \u00e9vier, cuisson, placards, rev\u00eatements sol et murs)<\/p>\n<p>Printemps 2021 : r\u00e9fection salle d&rsquo;eau (remplacement de la baignoire par une douche, rev\u00eatements sol et murs)<\/p>\n<p>Automne 2024 : Nouveau Lit et matelas chambre 140X190  et nouveau canap\u00e9 Salon<\/p>\n","protected":false},"excerpt":{"rendered":"<p>Appartement balcon T2 de 28 m\u00b2, 4 couchages. Exposition Sud-Est. Dans r\u00e9sidence calme de 7 niveaux (niveau &#8211; 2 sans asc.) situ\u00e9e \u00e0 300 m des commerces centre station (Prairie des Sagnes). Acc\u00e8s pistes (ski alpin) \u00e0 150 m\u00e8tres de la r\u00e9sidence (sortie de la r\u00e9sidence au niveau -3) , d\u00e9part et retour skis aux [&hellip;]<\/p>\n","protected":false},"author":1,"featured_media":0,"parent":0,"menu_order":0,"comment_status":"closed","ping_status":"closed","template":"","meta":{"ngg_post_thumbnail":0,"footnotes":""},"class_list":["post-22","page","type-page","status-publish","hentry"],"yoast_head":"<!-- This site is optimized with the Yoast SEO plugin v24.4 - https:\/\/yoast.com\/wordpress\/plugins\/seo\/ -->\n<title>L&#039;appartement - Les Cristallines<\/title>\n<meta name=\"description\" content=\"Appartement 4-6 places \u00e0 louer station du Lioran pratique du ski alpin,fond vtt descente.Station familiale pour vos vacances dans le cantal, neige, montagne\" \/>\n<meta name=\"robots\" content=\"index, follow, max-snippet:-1, max-image-preview:large, max-video-preview:-1\" \/>\n<link rel=\"canonical\" href=\"https:\/\/www.lescristallines15.ovh\/index.php\/appartement-appartement-location-ski-neige-montagne-vtt-randonnee-cantal-lioran-15\/\" \/>\n<meta property=\"og:locale\" content=\"fr_FR\" \/>\n<meta property=\"og:type\" content=\"article\" \/>\n<meta property=\"og:title\" content=\"L&#039;appartement - Les Cristallines\" \/>\n<meta property=\"og:description\" content=\"Appartement 4-6 places \u00e0 louer station du Lioran pratique du ski alpin,fond vtt descente.Station familiale pour vos vacances dans le cantal, neige, montagne\" \/>\n<meta property=\"og:url\" content=\"https:\/\/www.lescristallines15.ovh\/index.php\/appartement-appartement-location-ski-neige-montagne-vtt-randonnee-cantal-lioran-15\/\" \/>\n<meta property=\"og:site_name\" content=\"Les Cristallines\" \/>\n<meta property=\"article:modified_time\" content=\"2025-02-05T18:00:58+00:00\" \/>\n<meta name=\"twitter:card\" content=\"summary_large_image\" \/>\n<meta name=\"twitter:label1\" content=\"Dur\u00e9e de lecture estim\u00e9e\" \/>\n\t<meta name=\"twitter:data1\" content=\"2 minutes\" \/>\n<script type=\"application\/ld+json\" class=\"yoast-schema-graph\">{\"@context\":\"https:\/\/schema.org\",\"@graph\":[{\"@type\":\"WebPage\",\"@id\":\"https:\/\/www.lescristallines15.ovh\/index.php\/appartement-appartement-location-ski-neige-montagne-vtt-randonnee-cantal-lioran-15\/\",\"url\":\"https:\/\/www.lescristallines15.ovh\/index.php\/appartement-appartement-location-ski-neige-montagne-vtt-randonnee-cantal-lioran-15\/\",\"name\":\"L'appartement - Les Cristallines\",\"isPartOf\":{\"@id\":\"http:\/\/www.lescristallines15.ovh\/#website\"},\"datePublished\":\"2018-09-06T19:19:55+00:00\",\"dateModified\":\"2025-02-05T18:00:58+00:00\",\"description\":\"Appartement 4-6 places \u00e0 louer station du Lioran pratique du ski alpin,fond vtt descente.Station familiale pour vos vacances dans le cantal, neige, montagne\",\"breadcrumb\":{\"@id\":\"https:\/\/www.lescristallines15.ovh\/index.php\/appartement-appartement-location-ski-neige-montagne-vtt-randonnee-cantal-lioran-15\/#breadcrumb\"},\"inLanguage\":\"fr-FR\",\"potentialAction\":[{\"@type\":\"ReadAction\",\"target\":[\"https:\/\/www.lescristallines15.ovh\/index.php\/appartement-appartement-location-ski-neige-montagne-vtt-randonnee-cantal-lioran-15\/\"]}]},{\"@type\":\"BreadcrumbList\",\"@id\":\"https:\/\/www.lescristallines15.ovh\/index.php\/appartement-appartement-location-ski-neige-montagne-vtt-randonnee-cantal-lioran-15\/#breadcrumb\",\"itemListElement\":[{\"@type\":\"ListItem\",\"position\":1,\"name\":\"Accueil\",\"item\":\"http:\/\/www.lescristallines15.ovh\/\"},{\"@type\":\"ListItem\",\"position\":2,\"name\":\"L&rsquo;appartement\"}]},{\"@type\":\"WebSite\",\"@id\":\"http:\/\/www.lescristallines15.ovh\/#website\",\"url\":\"http:\/\/www.lescristallines15.ovh\/\",\"name\":\"Les Cristallines\",\"description\":\"Location appartement Le Lioran Cantal\",\"potentialAction\":[{\"@type\":\"SearchAction\",\"target\":{\"@type\":\"EntryPoint\",\"urlTemplate\":\"http:\/\/www.lescristallines15.ovh\/?s={search_term_string}\"},\"query-input\":{\"@type\":\"PropertyValueSpecification\",\"valueRequired\":true,\"valueName\":\"search_term_string\"}}],\"inLanguage\":\"fr-FR\"}]}<\/script>\n<!-- \/ Yoast SEO plugin. -->","yoast_head_json":{"title":"L'appartement - Les Cristallines","description":"Appartement 4-6 places \u00e0 louer station du Lioran pratique du ski alpin,fond vtt descente.Station familiale pour vos vacances dans le cantal, neige, montagne","robots":{"index":"index","follow":"follow","max-snippet":"max-snippet:-1","max-image-preview":"max-image-preview:large","max-video-preview":"max-video-preview:-1"},"canonical":"https:\/\/www.lescristallines15.ovh\/index.php\/appartement-appartement-location-ski-neige-montagne-vtt-randonnee-cantal-lioran-15\/","og_locale":"fr_FR","og_type":"article","og_title":"L'appartement - Les Cristallines","og_description":"Appartement 4-6 places \u00e0 louer station du Lioran pratique du ski alpin,fond vtt descente.Station familiale pour vos vacances dans le cantal, neige, montagne","og_url":"https:\/\/www.lescristallines15.ovh\/index.php\/appartement-appartement-location-ski-neige-montagne-vtt-randonnee-cantal-lioran-15\/","og_site_name":"Les Cristallines","article_modified_time":"2025-02-05T18:00:58+00:00","twitter_card":"summary_large_image","twitter_misc":{"Dur\u00e9e de lecture estim\u00e9e":"2 minutes"},"schema":{"@context":"https:\/\/schema.org","@graph":[{"@type":"WebPage","@id":"https:\/\/www.lescristallines15.ovh\/index.php\/appartement-appartement-location-ski-neige-montagne-vtt-randonnee-cantal-lioran-15\/","url":"https:\/\/www.lescristallines15.ovh\/index.php\/appartement-appartement-location-ski-neige-montagne-vtt-randonnee-cantal-lioran-15\/","name":"L'appartement - Les Cristallines","isPartOf":{"@id":"http:\/\/www.lescristallines15.ovh\/#website"},"datePublished":"2018-09-06T19:19:55+00:00","dateModified":"2025-02-05T18:00:58+00:00","description":"Appartement 4-6 places \u00e0 louer station du Lioran pratique du ski alpin,fond vtt descente.Station familiale pour vos vacances dans le cantal, neige, montagne","breadcrumb":{"@id":"https:\/\/www.lescristallines15.ovh\/index.php\/appartement-appartement-location-ski-neige-montagne-vtt-randonnee-cantal-lioran-15\/#breadcrumb"},"inLanguage":"fr-FR","potentialAction":[{"@type":"ReadAction","target":["https:\/\/www.lescristallines15.ovh\/index.php\/appartement-appartement-location-ski-neige-montagne-vtt-randonnee-cantal-lioran-15\/"]}]},{"@type":"BreadcrumbList","@id":"https:\/\/www.lescristallines15.ovh\/index.php\/appartement-appartement-location-ski-neige-montagne-vtt-randonnee-cantal-lioran-15\/#breadcrumb","itemListElement":[{"@type":"ListItem","position":1,"name":"Accueil","item":"http:\/\/www.lescristallines15.ovh\/"},{"@type":"ListItem","position":2,"name":"L&rsquo;appartement"}]},{"@type":"WebSite","@id":"http:\/\/www.lescristallines15.ovh\/#website","url":"http:\/\/www.lescristallines15.ovh\/","name":"Les Cristallines","description":"Location appartement Le Lioran Cantal","potentialAction":[{"@type":"SearchAction","target":{"@type":"EntryPoint","urlTemplate":"http:\/\/www.lescristallines15.ovh\/?s={search_term_string}"},"query-input":{"@type":"PropertyValueSpecification","valueRequired":true,"valueName":"search_term_string"}}],"inLanguage":"fr-FR"}]}},"_links":{"self":[{"href":"https:\/\/www.lescristallines15.ovh\/index.php\/wp-json\/wp\/v2\/pages\/22","targetHints":{"allow":["GET"]}}],"collection":[{"href":"https:\/\/www.lescristallines15.ovh\/index.php\/wp-json\/wp\/v2\/pages"}],"about":[{"href":"https:\/\/www.lescristallines15.ovh\/index.php\/wp-json\/wp\/v2\/types\/page"}],"author":[{"embeddable":true,"href":"https:\/\/www.lescristallines15.ovh\/index.php\/wp-json\/wp\/v2\/users\/1"}],"replies":[{"embeddable":true,"href":"https:\/\/www.lescristallines15.ovh\/index.php\/wp-json\/wp\/v2\/comments?post=22"}],"version-history":[{"count":34,"href":"https:\/\/www.lescristallines15.ovh\/index.php\/wp-json\/wp\/v2\/pages\/22\/revisions"}],"predecessor-version":[{"id":676,"href":"https:\/\/www.lescristallines15.ovh\/index.php\/wp-json\/wp\/v2\/pages\/22\/revisions\/676"}],"wp:attachment":[{"href":"https:\/\/www.lescristallines15.ovh\/index.php\/wp-json\/wp\/v2\/media?parent=22"}],"curies":[{"name":"wp","href":"https:\/\/api.w.org\/{rel}","templated":true}]}}