{"id":36,"date":"2018-09-06T21:19:55","date_gmt":"2018-09-06T19:19:55","guid":{"rendered":"http:\/\/www.lescristallines15.ovh\/?page_id=36"},"modified":"2026-03-26T19:11:54","modified_gmt":"2026-03-26T18:11:54","slug":"resevations-appartement-location-ski-neige-montagne-vtt-randonnee-cantal-lioran-15","status":"publish","type":"page","link":"https:\/\/www.lescristallines15.ovh\/index.php\/resevations-appartement-location-ski-neige-montagne-vtt-randonnee-cantal-lioran-15\/","title":{"rendered":"R\u00e9servations"},"content":{"rendered":"<p>&nbsp;<\/p>\n<p style=\"text-align: left;\"><img loading=\"lazy\" decoding=\"async\" class=\"size-full wp-image-693 aligncenter\" src=\"http:\/\/www.lescristallines15.ovh\/wp-content\/uploads\/2026\/03\/tarifs-maquette-2024-25-copie.gif\" alt=\"\" width=\"615\" height=\"78\">Cochez tous les jours correspondant \u00e0 votre r\u00e9servation (sauf pour le samedi si d\u00e9j\u00e0 r\u00e9serv\u00e9)<\/p>\n <div id=\"form_id956697226016\" class=\"wpbc_container wpbc_form wpbc_container_booking_form \" ><form id=\"booking_form1\" class=\"booking_form vertical\" method=\"post\" action=\"\"><div id=\"ajax_respond_insert1\" class=\"ajax_respond_insert\" style=\"display:none;\"><\/div><a name=\"bklnk1\" id=\"bklnk1\"><\/a><div id=\"booking_form_div1\" class=\"booking_form_div\"><style type=\"text\/css\">.wpbc_container_booking_form .block_hints, .wpbc_booking_form_simple.wpbc_form_center .wpbc__form__div .wpbc__row.wpbc_r_calendar, .wpbc_booking_form_simple .wpbc__form__div .wpbc__row:not(.wpbc_r_calendar){max-width:440px;} <\/style>\n<div class=\"wpbc_booking_form_simple \">\n<div class=\"wpbc__row\">\n  <div class=\"wpbc__field\">\n    <div class=\"wpbc_calendar_wraper wpbc_change_over_triangle wpbc_calendar_skin_legacy\"><div class=\"wpbc_cal_container bk_calendar_frame wpbc_no_custom_width  months_num_in_row_ cal_month_num_1 wpbc_timeslot_day_bg_as_available\" style=\"\"><div id=\"calendar_booking1\"  class=\"wpbc_calendar_id_1\" >\t<div class=\"calendar_loader_frame calendar_loader_frame1\"\r\n\t\tdata-wpbc-rid=\"1\"\r\n\t\tdata-wpbc-grace=\"8000\"\r\n\t\tstyle=\"--wpbc-loader-cols: 1;\"\r\n\t>\r\n\t\t<div class=\"calendar_loader_text\">Loading...<\/div>\r\n\t\t<div class=\"calendar_loader_frame__progress_line_container\">\r\n\t\t\t<div class=\"calendar_loader_frame__progress_line\"><\/div>\r\n\t\t<\/div>\r\n\t<\/div>\r\n\t<\/div><\/div><div style=\"font-size:7px;text-align:left;margin:0 0 10px;text-shadow: none;\">Powered by <a href=\"https:\/\/wpbookingcalendar.com\" style=\"font-size:7px;\" target=\"_blank\" title=\"Booking Calendar plugin for WordPress\">Booking Calendar<\/a><\/div><textarea id=\"date_booking1\" name=\"date_booking1\" autocomplete=\"off\" style=\"display:none;\"><\/textarea><div class=\"block_hints datepick \"><div class=\"wpdev_hint_with_text\"><div class=\"\"><div class=\"datepick-inline wpbc_calendar_legend_table_width_height\"><table class=\"datepick wpbc_calendar\" style=\"\"><tbody><tr><td class=\"datepick-days-cell date_available wpbc_calendar_legend_day_cell_height\"><div class=\"wpbc-cell-box\">\t<div class=\"date-cell-content\">\t\t<div class=\"date-content-top\"><\/div>\t\t<a>&nbsp;<\/a>\t\t<div class=\"date-content-bottom\"><\/div>\t<\/div><\/div><\/td><\/tr><\/tbody><\/table><\/div><\/div><div class=\"block_text\">- <\/div><div class=\"block_text\">Disponible<\/div><\/div><div class=\"wpdev_hint_with_text\"><div class=\"\"><div class=\"datepick-inline wpbc_calendar_legend_table_width_height\"><table class=\"datepick wpbc_calendar\" style=\"\"><tbody><tr><td class=\"datepick-days-cell datepick-unselectable date_user_unavailable full_day_booking date_approved wpbc_calendar_legend_day_cell_height\"><div class=\"wpbc-cell-box\">\t<div class=\"date-cell-content\">\t\t<div class=\"date-content-top\"><\/div>\t\t<span>&nbsp;<\/span>\t\t<div class=\"date-content-bottom\"><\/div>\t<\/div><\/div><\/td><\/tr><\/tbody><\/table><\/div><\/div><div class=\"block_text\">- <\/div><div class=\"block_text\">R\u00e9serv\u00e9<\/div><\/div><div class=\"wpdev_hint_with_text\"><div class=\"\"><div class=\"datepick-inline wpbc_calendar_legend_table_width_height\"><table class=\"datepick wpbc_calendar\" style=\"\"><tbody><tr><td class=\"datepick-days-cell datepick-unselectable date_user_unavailable full_day_booking date2approve wpbc_calendar_legend_day_cell_height\"><div class=\"wpbc-cell-box\">\t<div class=\"date-cell-content\">\t\t<div class=\"date-content-top\"><\/div>\t\t<span>&nbsp;<\/span>\t\t<div class=\"date-content-bottom\"><\/div>\t<\/div><\/div><\/td><\/tr><\/tbody><\/table><\/div><\/div><div class=\"block_text\">- <\/div><div class=\"block_text\">En attente<\/div><\/div><\/div><\/div>\n  <\/div>\n  <div class=\"wpbc__field\">\n<div class=\"wpbc__form__div\">\n\t\t\t<div class=\"wpbc__row\">\n\t\t\t\t<div class=\"wpbc_r_name wpbc__field\"> <label>Nom*<\/label><br><span class=\"wpbc_wrap_text wpdev-form-control-wrap name1\"><input type=\"text\" name=\"name1\" value=\"\" autocomplete=\"name\" class=\"wpdev-validates-as-required\" size=\"40\" \/><\/span> <\/div>\n\t\t\t<\/div>\n\t\t\t<div class=\"wpbc__row\">\n\t\t\t\t<div class=\"wpbc_r_secondname wpbc__field\"> <label>Pr\u00e9nom*<\/label><br><span class=\"wpbc_wrap_text wpdev-form-control-wrap secondname1\"><input type=\"text\" name=\"secondname1\" value=\"\" autocomplete=\"secondname\" class=\"wpdev-validates-as-required\" size=\"40\" \/><\/span> <\/div>\n\t\t\t<\/div>\n\t\t\t<div class=\"wpbc__row\">\n\t\t\t\t<div class=\"wpbc_r_email wpbc__field\"> <label>Email*<\/label><br><span class=\"wpbc_wrap_text wpdev-form-control-wrap email1\"><input type=\"email\" name=\"email1\" value=\"\" autocomplete=\"email\" class=\"wpdev-validates-as-email wpdev-validates-as-required\" size=\"40\" \/><\/span> <\/div>\n\t\t\t<\/div>\n\t\t\t<div class=\"wpbc__row\">\n\t\t\t\t<div class=\"wpbc_r_visitors wpbc__field\"> <label>Nbre de personnes*<\/label><br><span class=\"wpbc_wrap_select wpdev-form-control-wrap visitors1\"><select onchange=\"javascript:if(typeof( wpbc_show_cost_hints_after_few_seconds )=='function'){wpbc_show_cost_hints_after_few_seconds(1);}\" name=\"visitors1\" autocomplete=\"visitors\" class=\"wpdev-validates-as-required\"><option value=\"1\">1<\/option><option value=\"2\">2<\/option><option value=\"3\">3<\/option><option value=\"4\">4<\/option><option value=\"5\">5<\/option><option value=\"6\">6<\/option><\/select><\/span> <\/div>\n\t\t\t<\/div>\n\t\t\t<div class=\"wpbc__row\">\n\t\t\t\t<div class=\"wpbc_r_phone wpbc__field\"> <label>T\u00e9l\u00e9phone*<\/label><br><span class=\"wpbc_wrap_text wpdev-form-control-wrap phone1\"><input type=\"text\" name=\"phone1\" value=\"\" autocomplete=\"phone\" class=\"wpdev-validates-as-required\" size=\"40\" \/><\/span> <\/div>\n\t\t\t<\/div>\n\t\t\t<div class=\"wpbc__row\">\n\t\t\t\t<div class=\"wpbc_r_submit wpbc__field\"><input type=\"button\" value=\"Envoyer\" class=\"wpbc_button_light  btn btn\" onclick=\"wpbc_booking_form_submit(this.form,1, 'fr_FR');\" \/> <\/div>\n\t\t\t<\/div>\n<\/div>\n\t<\/div>\n\t<\/div>\n<\/div><input id=\"bk_type1\" name=\"bk_type1\" class=\"\" type=\"hidden\" value=\"1\" \/><\/div><div id=\"submiting1\"><\/div><div class=\"form_bk_messages\" id=\"form_bk_messages1\" ><\/div><input type=\"hidden\" id=\"wpbc_nonceCALCULATE_THE_COST1\" name=\"wpbc_nonceCALCULATE_THE_COST1\" value=\"0b228aae7f\" \/><input type=\"hidden\" name=\"_wp_http_referer\" value=\"\/index.php\/wp-json\/wp\/v2\/pages\/36\" \/><\/form><\/div><div id=\"booking_form_garbage1\" class=\"booking_form_garbage\"><\/div> \n<p>&nbsp;<\/p>\n<p>Horaires semaine compl\u00e8te : arriv\u00e9e<strong> Samedi 15h \u2013 <\/strong>D\u00e9part<strong> Samedi 10h<\/strong><\/p>\n<p>Nos amis les animaux ne sont pas accept\u00e9s<\/p>\n<p>Mail : app.lescristallines@gmail.com<\/p>\n<p>&nbsp;<\/p>\n","protected":false},"excerpt":{"rendered":"<p>&nbsp; Cochez tous les jours correspondant \u00e0 votre r\u00e9servation (sauf pour le samedi si d\u00e9j\u00e0 r\u00e9serv\u00e9) &nbsp; Horaires semaine compl\u00e8te : arriv\u00e9e Samedi 15h \u2013 D\u00e9part Samedi 10h Nos amis les animaux ne sont pas accept\u00e9s Mail : app.lescristallines@gmail.com &nbsp;<\/p>\n","protected":false},"author":1,"featured_media":0,"parent":0,"menu_order":0,"comment_status":"closed","ping_status":"closed","template":"","meta":{"ngg_post_thumbnail":0,"footnotes":""},"class_list":["post-36","page","type-page","status-publish","hentry"],"yoast_head":"<!-- This site is optimized with the Yoast SEO plugin v24.4 - https:\/\/yoast.com\/wordpress\/plugins\/seo\/ -->\n<title>R\u00e9servations - Les Cristallines<\/title>\n<meta name=\"description\" content=\"Appartement 4 places \u00e0 louer station du Lioran pratique du ski alpin,fond vtt descente.Station familiale pour vos vacances dans le cantal, neige, montagne\" \/>\n<meta name=\"robots\" content=\"index, follow, max-snippet:-1, max-image-preview:large, max-video-preview:-1\" \/>\n<link rel=\"canonical\" href=\"https:\/\/www.lescristallines15.ovh\/index.php\/resevations-appartement-location-ski-neige-montagne-vtt-randonnee-cantal-lioran-15\/\" \/>\n<meta property=\"og:locale\" content=\"fr_FR\" \/>\n<meta property=\"og:type\" content=\"article\" \/>\n<meta property=\"og:title\" content=\"R\u00e9servations - Les Cristallines\" \/>\n<meta property=\"og:description\" content=\"Appartement 4 places \u00e0 louer station du Lioran pratique du ski alpin,fond vtt descente.Station familiale pour vos vacances dans le cantal, neige, montagne\" \/>\n<meta property=\"og:url\" content=\"https:\/\/www.lescristallines15.ovh\/index.php\/resevations-appartement-location-ski-neige-montagne-vtt-randonnee-cantal-lioran-15\/\" \/>\n<meta property=\"og:site_name\" content=\"Les Cristallines\" \/>\n<meta property=\"article:modified_time\" content=\"2026-03-26T18:11:54+00:00\" \/>\n<meta property=\"og:image\" content=\"http:\/\/www.lescristallines15.ovh\/wp-content\/uploads\/2026\/03\/tarifs-maquette-2024-25-copie.gif\" \/>\n<meta name=\"twitter:card\" content=\"summary_large_image\" \/>\n<meta name=\"twitter:label1\" content=\"Dur\u00e9e de lecture estim\u00e9e\" \/>\n\t<meta name=\"twitter:data1\" content=\"1 minute\" \/>\n<script type=\"application\/ld+json\" class=\"yoast-schema-graph\">{\"@context\":\"https:\/\/schema.org\",\"@graph\":[{\"@type\":\"WebPage\",\"@id\":\"https:\/\/www.lescristallines15.ovh\/index.php\/resevations-appartement-location-ski-neige-montagne-vtt-randonnee-cantal-lioran-15\/\",\"url\":\"https:\/\/www.lescristallines15.ovh\/index.php\/resevations-appartement-location-ski-neige-montagne-vtt-randonnee-cantal-lioran-15\/\",\"name\":\"R\u00e9servations - Les Cristallines\",\"isPartOf\":{\"@id\":\"http:\/\/www.lescristallines15.ovh\/#website\"},\"primaryImageOfPage\":{\"@id\":\"https:\/\/www.lescristallines15.ovh\/index.php\/resevations-appartement-location-ski-neige-montagne-vtt-randonnee-cantal-lioran-15\/#primaryimage\"},\"image\":{\"@id\":\"https:\/\/www.lescristallines15.ovh\/index.php\/resevations-appartement-location-ski-neige-montagne-vtt-randonnee-cantal-lioran-15\/#primaryimage\"},\"thumbnailUrl\":\"http:\/\/www.lescristallines15.ovh\/wp-content\/uploads\/2026\/03\/tarifs-maquette-2024-25-copie.gif\",\"datePublished\":\"2018-09-06T19:19:55+00:00\",\"dateModified\":\"2026-03-26T18:11:54+00:00\",\"description\":\"Appartement 4 places \u00e0 louer station du Lioran pratique du ski alpin,fond vtt descente.Station familiale pour vos vacances dans le cantal, neige, montagne\",\"breadcrumb\":{\"@id\":\"https:\/\/www.lescristallines15.ovh\/index.php\/resevations-appartement-location-ski-neige-montagne-vtt-randonnee-cantal-lioran-15\/#breadcrumb\"},\"inLanguage\":\"fr-FR\",\"potentialAction\":[{\"@type\":\"ReadAction\",\"target\":[\"https:\/\/www.lescristallines15.ovh\/index.php\/resevations-appartement-location-ski-neige-montagne-vtt-randonnee-cantal-lioran-15\/\"]}]},{\"@type\":\"ImageObject\",\"inLanguage\":\"fr-FR\",\"@id\":\"https:\/\/www.lescristallines15.ovh\/index.php\/resevations-appartement-location-ski-neige-montagne-vtt-randonnee-cantal-lioran-15\/#primaryimage\",\"url\":\"https:\/\/www.lescristallines15.ovh\/wp-content\/uploads\/2026\/03\/tarifs-maquette-2024-25-copie.gif\",\"contentUrl\":\"https:\/\/www.lescristallines15.ovh\/wp-content\/uploads\/2026\/03\/tarifs-maquette-2024-25-copie.gif\",\"width\":615,\"height\":78},{\"@type\":\"BreadcrumbList\",\"@id\":\"https:\/\/www.lescristallines15.ovh\/index.php\/resevations-appartement-location-ski-neige-montagne-vtt-randonnee-cantal-lioran-15\/#breadcrumb\",\"itemListElement\":[{\"@type\":\"ListItem\",\"position\":1,\"name\":\"Accueil\",\"item\":\"http:\/\/www.lescristallines15.ovh\/\"},{\"@type\":\"ListItem\",\"position\":2,\"name\":\"R\u00e9servations\"}]},{\"@type\":\"WebSite\",\"@id\":\"http:\/\/www.lescristallines15.ovh\/#website\",\"url\":\"http:\/\/www.lescristallines15.ovh\/\",\"name\":\"Les Cristallines\",\"description\":\"Location appartement Le Lioran Cantal\",\"potentialAction\":[{\"@type\":\"SearchAction\",\"target\":{\"@type\":\"EntryPoint\",\"urlTemplate\":\"http:\/\/www.lescristallines15.ovh\/?s={search_term_string}\"},\"query-input\":{\"@type\":\"PropertyValueSpecification\",\"valueRequired\":true,\"valueName\":\"search_term_string\"}}],\"inLanguage\":\"fr-FR\"}]}<\/script>\n<!-- \/ Yoast SEO plugin. -->","yoast_head_json":{"title":"R\u00e9servations - Les Cristallines","description":"Appartement 4 places \u00e0 louer station du Lioran pratique du ski alpin,fond vtt descente.Station familiale pour vos vacances dans le cantal, neige, montagne","robots":{"index":"index","follow":"follow","max-snippet":"max-snippet:-1","max-image-preview":"max-image-preview:large","max-video-preview":"max-video-preview:-1"},"canonical":"https:\/\/www.lescristallines15.ovh\/index.php\/resevations-appartement-location-ski-neige-montagne-vtt-randonnee-cantal-lioran-15\/","og_locale":"fr_FR","og_type":"article","og_title":"R\u00e9servations - Les Cristallines","og_description":"Appartement 4 places \u00e0 louer station du Lioran pratique du ski alpin,fond vtt descente.Station familiale pour vos vacances dans le cantal, neige, montagne","og_url":"https:\/\/www.lescristallines15.ovh\/index.php\/resevations-appartement-location-ski-neige-montagne-vtt-randonnee-cantal-lioran-15\/","og_site_name":"Les Cristallines","article_modified_time":"2026-03-26T18:11:54+00:00","og_image":[{"url":"http:\/\/www.lescristallines15.ovh\/wp-content\/uploads\/2026\/03\/tarifs-maquette-2024-25-copie.gif","type":"","width":"","height":""}],"twitter_card":"summary_large_image","twitter_misc":{"Dur\u00e9e de lecture estim\u00e9e":"1 minute"},"schema":{"@context":"https:\/\/schema.org","@graph":[{"@type":"WebPage","@id":"https:\/\/www.lescristallines15.ovh\/index.php\/resevations-appartement-location-ski-neige-montagne-vtt-randonnee-cantal-lioran-15\/","url":"https:\/\/www.lescristallines15.ovh\/index.php\/resevations-appartement-location-ski-neige-montagne-vtt-randonnee-cantal-lioran-15\/","name":"R\u00e9servations - Les Cristallines","isPartOf":{"@id":"http:\/\/www.lescristallines15.ovh\/#website"},"primaryImageOfPage":{"@id":"https:\/\/www.lescristallines15.ovh\/index.php\/resevations-appartement-location-ski-neige-montagne-vtt-randonnee-cantal-lioran-15\/#primaryimage"},"image":{"@id":"https:\/\/www.lescristallines15.ovh\/index.php\/resevations-appartement-location-ski-neige-montagne-vtt-randonnee-cantal-lioran-15\/#primaryimage"},"thumbnailUrl":"http:\/\/www.lescristallines15.ovh\/wp-content\/uploads\/2026\/03\/tarifs-maquette-2024-25-copie.gif","datePublished":"2018-09-06T19:19:55+00:00","dateModified":"2026-03-26T18:11:54+00:00","description":"Appartement 4 places \u00e0 louer station du Lioran pratique du ski alpin,fond vtt descente.Station familiale pour vos vacances dans le cantal, neige, montagne","breadcrumb":{"@id":"https:\/\/www.lescristallines15.ovh\/index.php\/resevations-appartement-location-ski-neige-montagne-vtt-randonnee-cantal-lioran-15\/#breadcrumb"},"inLanguage":"fr-FR","potentialAction":[{"@type":"ReadAction","target":["https:\/\/www.lescristallines15.ovh\/index.php\/resevations-appartement-location-ski-neige-montagne-vtt-randonnee-cantal-lioran-15\/"]}]},{"@type":"ImageObject","inLanguage":"fr-FR","@id":"https:\/\/www.lescristallines15.ovh\/index.php\/resevations-appartement-location-ski-neige-montagne-vtt-randonnee-cantal-lioran-15\/#primaryimage","url":"https:\/\/www.lescristallines15.ovh\/wp-content\/uploads\/2026\/03\/tarifs-maquette-2024-25-copie.gif","contentUrl":"https:\/\/www.lescristallines15.ovh\/wp-content\/uploads\/2026\/03\/tarifs-maquette-2024-25-copie.gif","width":615,"height":78},{"@type":"BreadcrumbList","@id":"https:\/\/www.lescristallines15.ovh\/index.php\/resevations-appartement-location-ski-neige-montagne-vtt-randonnee-cantal-lioran-15\/#breadcrumb","itemListElement":[{"@type":"ListItem","position":1,"name":"Accueil","item":"http:\/\/www.lescristallines15.ovh\/"},{"@type":"ListItem","position":2,"name":"R\u00e9servations"}]},{"@type":"WebSite","@id":"http:\/\/www.lescristallines15.ovh\/#website","url":"http:\/\/www.lescristallines15.ovh\/","name":"Les Cristallines","description":"Location appartement Le Lioran Cantal","potentialAction":[{"@type":"SearchAction","target":{"@type":"EntryPoint","urlTemplate":"http:\/\/www.lescristallines15.ovh\/?s={search_term_string}"},"query-input":{"@type":"PropertyValueSpecification","valueRequired":true,"valueName":"search_term_string"}}],"inLanguage":"fr-FR"}]}},"_links":{"self":[{"href":"https:\/\/www.lescristallines15.ovh\/index.php\/wp-json\/wp\/v2\/pages\/36","targetHints":{"allow":["GET"]}}],"collection":[{"href":"https:\/\/www.lescristallines15.ovh\/index.php\/wp-json\/wp\/v2\/pages"}],"about":[{"href":"https:\/\/www.lescristallines15.ovh\/index.php\/wp-json\/wp\/v2\/types\/page"}],"author":[{"embeddable":true,"href":"https:\/\/www.lescristallines15.ovh\/index.php\/wp-json\/wp\/v2\/users\/1"}],"replies":[{"embeddable":true,"href":"https:\/\/www.lescristallines15.ovh\/index.php\/wp-json\/wp\/v2\/comments?post=36"}],"version-history":[{"count":43,"href":"https:\/\/www.lescristallines15.ovh\/index.php\/wp-json\/wp\/v2\/pages\/36\/revisions"}],"predecessor-version":[{"id":702,"href":"https:\/\/www.lescristallines15.ovh\/index.php\/wp-json\/wp\/v2\/pages\/36\/revisions\/702"}],"wp:attachment":[{"href":"https:\/\/www.lescristallines15.ovh\/index.php\/wp-json\/wp\/v2\/media?parent=36"}],"curies":[{"name":"wp","href":"https:\/\/api.w.org\/{rel}","templated":true}]}}