{"id":8,"date":"2018-09-06T21:19:55","date_gmt":"2018-09-06T19:19:55","guid":{"rendered":"http:\/\/www.lescristallines15.ovh\/?page_id=8"},"modified":"2024-11-18T15:39:47","modified_gmt":"2024-11-18T14:39:47","slug":"appartement-location-ski-neige-montagne-vtt-randonnee-cantal-lioran-15","status":"publish","type":"page","link":"https:\/\/www.lescristallines15.ovh\/","title":{"rendered":"Accueil"},"content":{"rendered":"<p>&nbsp;<\/p>\n<h2 style=\"text-align: center;\"><strong>Appartement 4 places \u00e0 louer au c\u0153ur du massif cantalien. La station du Lioran vous offre de multiples activit\u00e9es Hiver comme \u00c9t\u00e9. Cette petite station familiale est l&rsquo;endroit id\u00e9al pour la pratique du Ski, du VTT de descente et de la randonn\u00e9e.<\/strong><\/h2>\n<p><img loading=\"lazy\" decoding=\"async\" class=\"aligncenter wp-image-115 size-full\" src=\"http:\/\/www.lescristallines15.ovh\/wp-content\/uploads\/2018\/09\/Vue-180.jpg\" alt=\"\" width=\"1693\" height=\"540\" srcset=\"https:\/\/www.lescristallines15.ovh\/wp-content\/uploads\/2018\/09\/Vue-180.jpg 1693w, https:\/\/www.lescristallines15.ovh\/wp-content\/uploads\/2018\/09\/Vue-180-300x96.jpg 300w, https:\/\/www.lescristallines15.ovh\/wp-content\/uploads\/2018\/09\/Vue-180-768x245.jpg 768w, https:\/\/www.lescristallines15.ovh\/wp-content\/uploads\/2018\/09\/Vue-180-1024x327.jpg 1024w\" sizes=\"auto, (max-width: 1693px) 100vw, 1693px\" \/><\/p>\n","protected":false},"excerpt":{"rendered":"<p>&nbsp; Appartement 4 places \u00e0 louer au c\u0153ur du massif cantalien. La station du Lioran vous offre de multiples activit\u00e9es Hiver comme \u00c9t\u00e9. Cette petite station familiale est l&rsquo;endroit id\u00e9al pour la pratique du Ski, du VTT de descente et de la randonn\u00e9e.<\/p>\n","protected":false},"author":1,"featured_media":0,"parent":0,"menu_order":0,"comment_status":"closed","ping_status":"closed","template":"","meta":{"ngg_post_thumbnail":0,"footnotes":""},"class_list":["post-8","page","type-page","status-publish","hentry"],"yoast_head":"<!-- This site is optimized with the Yoast SEO plugin v24.4 - https:\/\/yoast.com\/wordpress\/plugins\/seo\/ -->\n<title>Accueil - Les Cristallines<\/title>\n<meta name=\"description\" content=\"Appartement 4-6 places \u00e0 louer station du Lioran pratique du ski alpin,fond vtt descente.Station familiale pour vos vacances dans le cantal, neige, montagne\" \/>\n<meta name=\"robots\" content=\"index, follow, max-snippet:-1, max-image-preview:large, max-video-preview:-1\" \/>\n<link rel=\"canonical\" href=\"http:\/\/www.lescristallines15.ovh\/\" \/>\n<meta property=\"og:locale\" content=\"fr_FR\" \/>\n<meta property=\"og:type\" content=\"article\" \/>\n<meta property=\"og:title\" content=\"Accueil - Les Cristallines\" \/>\n<meta property=\"og:description\" content=\"Appartement 4-6 places \u00e0 louer station du Lioran pratique du ski alpin,fond vtt descente.Station familiale pour vos vacances dans le cantal, neige, montagne\" \/>\n<meta property=\"og:url\" content=\"http:\/\/www.lescristallines15.ovh\/\" \/>\n<meta property=\"og:site_name\" content=\"Les Cristallines\" \/>\n<meta property=\"article:modified_time\" content=\"2024-11-18T14:39:47+00:00\" \/>\n<meta property=\"og:image\" content=\"http:\/\/www.lescristallines15.ovh\/wp-content\/uploads\/2018\/09\/Vue-180.jpg\" \/>\n<meta name=\"twitter:card\" content=\"summary_large_image\" \/>\n<meta name=\"twitter:label1\" content=\"Dur\u00e9e de lecture estim\u00e9e\" \/>\n\t<meta name=\"twitter:data1\" content=\"1 minute\" \/>\n<script type=\"application\/ld+json\" class=\"yoast-schema-graph\">{\"@context\":\"https:\/\/schema.org\",\"@graph\":[{\"@type\":\"WebPage\",\"@id\":\"http:\/\/www.lescristallines15.ovh\/\",\"url\":\"http:\/\/www.lescristallines15.ovh\/\",\"name\":\"Accueil - Les Cristallines\",\"isPartOf\":{\"@id\":\"http:\/\/www.lescristallines15.ovh\/#website\"},\"primaryImageOfPage\":{\"@id\":\"http:\/\/www.lescristallines15.ovh\/#primaryimage\"},\"image\":{\"@id\":\"http:\/\/www.lescristallines15.ovh\/#primaryimage\"},\"thumbnailUrl\":\"http:\/\/www.lescristallines15.ovh\/wp-content\/uploads\/2018\/09\/Vue-180.jpg\",\"datePublished\":\"2018-09-06T19:19:55+00:00\",\"dateModified\":\"2024-11-18T14:39:47+00:00\",\"description\":\"Appartement 4-6 places \u00e0 louer station du Lioran pratique du ski alpin,fond vtt descente.Station familiale pour vos vacances dans le cantal, neige, montagne\",\"breadcrumb\":{\"@id\":\"http:\/\/www.lescristallines15.ovh\/#breadcrumb\"},\"inLanguage\":\"fr-FR\",\"potentialAction\":[{\"@type\":\"ReadAction\",\"target\":[\"http:\/\/www.lescristallines15.ovh\/\"]}]},{\"@type\":\"ImageObject\",\"inLanguage\":\"fr-FR\",\"@id\":\"http:\/\/www.lescristallines15.ovh\/#primaryimage\",\"url\":\"https:\/\/www.lescristallines15.ovh\/wp-content\/uploads\/2018\/09\/Vue-180.jpg\",\"contentUrl\":\"https:\/\/www.lescristallines15.ovh\/wp-content\/uploads\/2018\/09\/Vue-180.jpg\",\"width\":1693,\"height\":540},{\"@type\":\"BreadcrumbList\",\"@id\":\"http:\/\/www.lescristallines15.ovh\/#breadcrumb\",\"itemListElement\":[{\"@type\":\"ListItem\",\"position\":1,\"name\":\"Accueil\",\"item\":\"http:\/\/www.lescristallines15.ovh\/\"},{\"@type\":\"ListItem\",\"position\":2,\"name\":\"Accueil\"}]},{\"@type\":\"WebSite\",\"@id\":\"http:\/\/www.lescristallines15.ovh\/#website\",\"url\":\"http:\/\/www.lescristallines15.ovh\/\",\"name\":\"Les Cristallines\",\"description\":\"Location appartement Le Lioran Cantal\",\"potentialAction\":[{\"@type\":\"SearchAction\",\"target\":{\"@type\":\"EntryPoint\",\"urlTemplate\":\"http:\/\/www.lescristallines15.ovh\/?s={search_term_string}\"},\"query-input\":{\"@type\":\"PropertyValueSpecification\",\"valueRequired\":true,\"valueName\":\"search_term_string\"}}],\"inLanguage\":\"fr-FR\"}]}<\/script>\n<!-- \/ Yoast SEO plugin. -->","yoast_head_json":{"title":"Accueil - Les Cristallines","description":"Appartement 4-6 places \u00e0 louer station du Lioran pratique du ski alpin,fond vtt descente.Station familiale pour vos vacances dans le cantal, neige, montagne","robots":{"index":"index","follow":"follow","max-snippet":"max-snippet:-1","max-image-preview":"max-image-preview:large","max-video-preview":"max-video-preview:-1"},"canonical":"http:\/\/www.lescristallines15.ovh\/","og_locale":"fr_FR","og_type":"article","og_title":"Accueil - Les Cristallines","og_description":"Appartement 4-6 places \u00e0 louer station du Lioran pratique du ski alpin,fond vtt descente.Station familiale pour vos vacances dans le cantal, neige, montagne","og_url":"http:\/\/www.lescristallines15.ovh\/","og_site_name":"Les Cristallines","article_modified_time":"2024-11-18T14:39:47+00:00","og_image":[{"url":"http:\/\/www.lescristallines15.ovh\/wp-content\/uploads\/2018\/09\/Vue-180.jpg","type":"","width":"","height":""}],"twitter_card":"summary_large_image","twitter_misc":{"Dur\u00e9e de lecture estim\u00e9e":"1 minute"},"schema":{"@context":"https:\/\/schema.org","@graph":[{"@type":"WebPage","@id":"http:\/\/www.lescristallines15.ovh\/","url":"http:\/\/www.lescristallines15.ovh\/","name":"Accueil - Les Cristallines","isPartOf":{"@id":"http:\/\/www.lescristallines15.ovh\/#website"},"primaryImageOfPage":{"@id":"http:\/\/www.lescristallines15.ovh\/#primaryimage"},"image":{"@id":"http:\/\/www.lescristallines15.ovh\/#primaryimage"},"thumbnailUrl":"http:\/\/www.lescristallines15.ovh\/wp-content\/uploads\/2018\/09\/Vue-180.jpg","datePublished":"2018-09-06T19:19:55+00:00","dateModified":"2024-11-18T14:39:47+00:00","description":"Appartement 4-6 places \u00e0 louer station du Lioran pratique du ski alpin,fond vtt descente.Station familiale pour vos vacances dans le cantal, neige, montagne","breadcrumb":{"@id":"http:\/\/www.lescristallines15.ovh\/#breadcrumb"},"inLanguage":"fr-FR","potentialAction":[{"@type":"ReadAction","target":["http:\/\/www.lescristallines15.ovh\/"]}]},{"@type":"ImageObject","inLanguage":"fr-FR","@id":"http:\/\/www.lescristallines15.ovh\/#primaryimage","url":"https:\/\/www.lescristallines15.ovh\/wp-content\/uploads\/2018\/09\/Vue-180.jpg","contentUrl":"https:\/\/www.lescristallines15.ovh\/wp-content\/uploads\/2018\/09\/Vue-180.jpg","width":1693,"height":540},{"@type":"BreadcrumbList","@id":"http:\/\/www.lescristallines15.ovh\/#breadcrumb","itemListElement":[{"@type":"ListItem","position":1,"name":"Accueil","item":"http:\/\/www.lescristallines15.ovh\/"},{"@type":"ListItem","position":2,"name":"Accueil"}]},{"@type":"WebSite","@id":"http:\/\/www.lescristallines15.ovh\/#website","url":"http:\/\/www.lescristallines15.ovh\/","name":"Les Cristallines","description":"Location appartement Le Lioran Cantal","potentialAction":[{"@type":"SearchAction","target":{"@type":"EntryPoint","urlTemplate":"http:\/\/www.lescristallines15.ovh\/?s={search_term_string}"},"query-input":{"@type":"PropertyValueSpecification","valueRequired":true,"valueName":"search_term_string"}}],"inLanguage":"fr-FR"}]}},"_links":{"self":[{"href":"https:\/\/www.lescristallines15.ovh\/index.php\/wp-json\/wp\/v2\/pages\/8","targetHints":{"allow":["GET"]}}],"collection":[{"href":"https:\/\/www.lescristallines15.ovh\/index.php\/wp-json\/wp\/v2\/pages"}],"about":[{"href":"https:\/\/www.lescristallines15.ovh\/index.php\/wp-json\/wp\/v2\/types\/page"}],"author":[{"embeddable":true,"href":"https:\/\/www.lescristallines15.ovh\/index.php\/wp-json\/wp\/v2\/users\/1"}],"replies":[{"embeddable":true,"href":"https:\/\/www.lescristallines15.ovh\/index.php\/wp-json\/wp\/v2\/comments?post=8"}],"version-history":[{"count":24,"href":"https:\/\/www.lescristallines15.ovh\/index.php\/wp-json\/wp\/v2\/pages\/8\/revisions"}],"predecessor-version":[{"id":672,"href":"https:\/\/www.lescristallines15.ovh\/index.php\/wp-json\/wp\/v2\/pages\/8\/revisions\/672"}],"wp:attachment":[{"href":"https:\/\/www.lescristallines15.ovh\/index.php\/wp-json\/wp\/v2\/media?parent=8"}],"curies":[{"name":"wp","href":"https:\/\/api.w.org\/{rel}","templated":true}]}}